{"id":4958,"date":"2024-05-08T11:54:17","date_gmt":"2024-05-08T09:54:17","guid":{"rendered":"https:\/\/akwdev.proop.pl\/%d1%80%d0%b0%d0%b1%d0%be%d1%82%d0%b0\/"},"modified":"2024-05-26T15:52:37","modified_gmt":"2024-05-26T13:52:37","slug":"%d1%80%d0%b0%d0%b1%d0%be%d1%82%d0%b0","status":"publish","type":"page","link":"https:\/\/www.akwadrat.info.pl\/ru\/%d1%80%d0%b0%d0%b1%d0%be%d1%82%d0%b0\/","title":{"rendered":"\u0420\u0430\u0431\u043e\u0442\u0430"},"content":{"rendered":"\t\t<div data-elementor-type=\"wp-page\" data-elementor-id=\"4958\" class=\"elementor elementor-4958 elementor-3142\" data-elementor-post-type=\"page\">\n\t\t\t\t<div class=\"elementor-element elementor-element-3554931 e-flex e-con-boxed e-con e-parent\" data-id=\"3554931\" data-element_type=\"container\" data-settings=\"{&quot;background_background&quot;:&quot;classic&quot;}\">\n\t\t\t\t\t<div class=\"e-con-inner\">\n\t\t<div class=\"elementor-element elementor-element-05b9905 e-con-full e-flex e-con e-child\" data-id=\"05b9905\" data-element_type=\"container\">\n\t\t\t\t<div class=\"elementor-element elementor-element-8e3ee9e elementor-widget elementor-widget-heading\" data-id=\"8e3ee9e\" data-element_type=\"widget\" data-widget_type=\"heading.default\">\n\t\t\t\t<div class=\"elementor-widget-container\">\n\t\t\t\t\t<h3 class=\"elementor-heading-title elementor-size-default\">\u0420\u0430\u0431\u043e\u0442\u0430\u0442\u044c \u0441 \u043d\u0430\u043c\u0438<\/h3>\t\t\t\t<\/div>\n\t\t\t\t<\/div>\n\t\t\t\t<div class=\"elementor-element elementor-element-72a9b7f elementor-widget elementor-widget-heading\" data-id=\"72a9b7f\" data-element_type=\"widget\" data-settings=\"{&quot;motion_fx_motion_fx_scrolling&quot;:&quot;yes&quot;,&quot;motion_fx_translateY_effect&quot;:&quot;yes&quot;,&quot;motion_fx_translateY_speed&quot;:{&quot;unit&quot;:&quot;px&quot;,&quot;size&quot;:&quot;0.5&quot;,&quot;sizes&quot;:[]},&quot;motion_fx_translateY_affectedRange&quot;:{&quot;unit&quot;:&quot;%&quot;,&quot;size&quot;:&quot;&quot;,&quot;sizes&quot;:{&quot;start&quot;:&quot;0&quot;,&quot;end&quot;:&quot;50&quot;}},&quot;motion_fx_opacity_effect&quot;:&quot;yes&quot;,&quot;motion_fx_opacity_range&quot;:{&quot;unit&quot;:&quot;%&quot;,&quot;size&quot;:&quot;&quot;,&quot;sizes&quot;:{&quot;start&quot;:&quot;0&quot;,&quot;end&quot;:&quot;50&quot;}},&quot;motion_fx_devices&quot;:[&quot;desktop&quot;,&quot;mobile&quot;],&quot;motion_fx_opacity_direction&quot;:&quot;out-in&quot;,&quot;motion_fx_opacity_level&quot;:{&quot;unit&quot;:&quot;px&quot;,&quot;size&quot;:10,&quot;sizes&quot;:[]}}\" data-widget_type=\"heading.default\">\n\t\t\t\t<div class=\"elementor-widget-container\">\n\t\t\t\t\t<h2 class=\"elementor-heading-title elementor-size-default\">\u041f\u0440\u0438\u0441\u043e\u0435\u0434\u0438\u043d\u044f\u0439\u0442\u0435\u0441\u044c \u043a \u043a\u043e\u043c\u0430\u043d\u0434\u0435 Akwadrat! \u043b\u0438\u0434\u0435\u0440 \u0432 \u0441\u0444\u0435\u0440\u0435 \u0431\u0443\u0445\u0433\u0430\u043b\u0442\u0435\u0440\u0441\u043a\u043e\u0433\u043e \u0443\u0447\u0435\u0442\u0430<\/h2>\t\t\t\t<\/div>\n\t\t\t\t<\/div>\n\t\t\t\t<div class=\"elementor-element elementor-element-1cf77dc elementor-widget elementor-widget-text-editor\" data-id=\"1cf77dc\" data-element_type=\"widget\" data-widget_type=\"text-editor.default\">\n\t\t\t\t<div class=\"elementor-widget-container\">\n\t\t\t\t\t\t\t\t\t<div class=\"elementor-element elementor-element-362c3a2d elementor-widget elementor-widget-text-editor\" data-id=\"362c3a2d\" data-element_type=\"widget\" data-widget_type=\"text-editor.default\">\n<div class=\"elementor-widget-container\">\n<div class=\"elementor-element elementor-element-d058064 elementor-widget elementor-widget-text-editor\" data-id=\"d058064\" data-element_type=\"widget\" data-widget_type=\"text-editor.default\">\n<div class=\"elementor-widget-container\">\n<p>\u0412 \u0410\u043a\u0432\u0430\u0434\u0440\u0430\u0442\u0435 \u0421\u041f. z o. o., \u043c\u044b \u0446\u0435\u043d\u0438\u043c \u043e\u043f\u044b\u0442\u043d\u044b\u0445 \u0438 \u043d\u0435\u0437\u0430\u0432\u0438\u0441\u0438\u043c\u044b\u0445 \u0431\u0443\u0445\u0433\u0430\u043b\u0442\u0435\u0440\u043e\u0432, \u0433\u043e\u0442\u043e\u0432\u044b\u0445 \u043a \u043d\u043e\u0432\u044b\u043c \u0437\u0430\u0434\u0430\u0447\u0430\u043c. \u041c\u044b \u043f\u0440\u0435\u0434\u043b\u0430\u0433\u0430\u0435\u043c \u043d\u0435 \u0442\u043e\u043b\u044c\u043a\u043e \u0440\u0430\u0431\u043e\u0442\u0443, \u043d\u043e \u0438 \u0432\u043e\u0437\u043c\u043e\u0436\u043d\u043e\u0441\u0442\u044c \u0440\u0430\u0437\u0432\u0438\u0432\u0430\u0442\u044c\u0441\u044f \u0432 \u0434\u0440\u0443\u0436\u0435\u043b\u044e\u0431\u043d\u043e\u0439 \u0438 \u043f\u0440\u043e\u0444\u0435\u0441\u0441\u0438\u043e\u043d\u0430\u043b\u044c\u043d\u043e\u0439 \u0441\u0440\u0435\u0434\u0435.<\/p>\n<p><strong>\u0412\u0430\u0448\u0438 \u043e\u0441\u043d\u043e\u0432\u043d\u044b\u0435 \u0437\u0430\u0434\u0430\u0447\u0438:<\/strong><\/p>\n<ul>\n<li>\u0410\u043a\u043a\u0443\u0440\u0430\u0442\u043d\u043e\u0435 \u0438 \u0441\u0432\u043e\u0435\u0432\u0440\u0435\u043c\u0435\u043d\u043d\u043e\u0435 \u0432\u0435\u0434\u0435\u043d\u0438\u0435 \u0442\u043e\u0440\u0433\u043e\u0432\u044b\u0445 \u043a\u043d\u0438\u0433<\/li>\n<li>\u0413\u0440\u0430\u043c\u043e\u0442\u043d\u043e\u0435 \u0431\u0443\u0445\u0433\u0430\u043b\u0442\u0435\u0440\u0441\u043a\u043e\u0435 \u043e\u0431\u0441\u043b\u0443\u0436\u0438\u0432\u0430\u043d\u0438\u0435 \u041a\u041f\u0418\u0420(KPIR) \u0434\u043b\u044f \u043c\u0430\u043b\u043e\u0433\u043e \u0438 \u0441\u0440\u0435\u0434\u043d\u0435\u0433\u043e \u0431\u0438\u0437\u043d\u0435\u0441\u0430<\/li>\n<li>\u0421\u043e\u0442\u0440\u0443\u0434\u043d\u0438\u0447\u0430\u0442\u044c \u0441 \u043a\u043e\u043c\u0430\u043d\u0434\u043e\u0439 \u0438 \u043e\u043a\u0430\u0437\u044b\u0432\u0430\u0442\u044c \u043f\u043e\u0434\u0434\u0435\u0440\u0436\u043a\u0443 \u043a\u043b\u0438\u0435\u043d\u0442\u0430\u043c.<\/li>\n<\/ul>\n<p><strong>\u0422\u0440\u0435\u0431\u043e\u0432\u0430\u043d\u0438\u044f:<\/strong><\/p>\n<ul>\n<li>\u041e\u043f\u044b\u0442 \u0432\u0435\u0434\u0435\u043d\u0438\u044f \u043a\u043e\u043c\u043c\u0435\u0440\u0447\u0435\u0441\u043a\u043e\u0439 \u043a\u043d\u0438\u0433\u0438.<\/li>\n<li>\u0417\u043d\u0430\u043d\u0438\u0435 \u043f\u0440\u0438\u043d\u0446\u0438\u043f\u043e\u0432 \u0431\u0443\u0445\u0433\u0430\u043b\u0442\u0435\u0440\u0441\u043a\u043e\u0433\u043e \u0443\u0447\u0435\u0442\u0430 \u0438 \u043d\u0430\u043b\u043e\u0433\u043e\u0432\u043e\u0433\u043e \u0437\u0430\u043a\u043e\u043d\u043e\u0434\u0430\u0442\u0435\u043b\u044c\u0441\u0442\u0432\u0430.<\/li>\n<li>\u0423\u043c\u0435\u043d\u0438\u0435 \u0440\u0435\u0448\u0430\u0442\u044c \u0441\u043b\u043e\u0436\u043d\u044b\u0435 \u0431\u0443\u0445\u0433\u0430\u043b\u0442\u0435\u0440\u0441\u043a\u0438\u0435 \u0437\u0430\u0434\u0430\u0447\u0438.<\/li>\n<li>\u0423\u0432\u0435\u0440\u0435\u043d\u043d\u043e\u0435 \u0437\u043d\u0430\u043d\u0438\u0435 \u043f\u0440\u043e\u0433\u0440\u0430\u043c\u043c\u044b \u041e\u043f\u0442\u0438\u043c\u0430.<\/li>\n<li>\u041d\u0435\u0437\u0430\u0432\u0438\u0441\u0438\u043c\u043e\u0441\u0442\u044c, \u043d\u0430\u0434\u0435\u0436\u043d\u043e\u0441\u0442\u044c \u0438 \u043f\u0443\u043d\u043a\u0442\u0443\u0430\u043b\u044c\u043d\u043e\u0441\u0442\u044c.<\/li>\n<\/ul>\n<p><strong>\u0427\u0442\u043e \u043c\u044b \u043f\u0440\u0435\u0434\u043b\u0430\u0433\u0430\u0435\u043c:<\/strong><\/p>\n<ul>\n<li>\u0420\u0430\u0431\u043e\u0442\u0430 \u0432 \u0441\u043e\u0432\u0440\u0435\u043c\u0435\u043d\u043d\u043e\u043c \u0438 \u0434\u0438\u043d\u0430\u043c\u0438\u0447\u043d\u043e\u043c \u043a\u043e\u043b\u043b\u0435\u043a\u0442\u0438\u0432\u0435.<\/li>\n<li>\u0412\u043e\u0437\u043c\u043e\u0436\u043d\u043e\u0441\u0442\u044c \u043f\u0440\u043e\u0444\u0435\u0441\u0441\u0438\u043e\u043d\u0430\u043b\u044c\u043d\u043e\u0433\u043e \u0438 \u043b\u0438\u0447\u043d\u043e\u0441\u0442\u043d\u043e\u0433\u043e \u0440\u0430\u0437\u0432\u0438\u0442\u0438\u044f.<\/li>\n<li>\u0414\u043e\u0441\u0442\u0443\u043f \u043a \u043d\u043e\u0432\u0435\u0439\u0448\u0438\u043c \u0438\u043d\u0441\u0442\u0440\u0443\u043c\u0435\u043d\u0442\u0430\u043c \u0438 \u0442\u0435\u0445\u043d\u043e\u043b\u043e\u0433\u0438\u044f\u043c.<\/li>\n<li>\u041f\u0440\u0438\u0432\u043b\u0435\u043a\u0430\u0442\u0435\u043b\u044c\u043d\u0430\u044f \u0437\u0430\u0440\u043f\u043b\u0430\u0442\u0430.<\/li>\n<li>\u0414\u0440\u0443\u0436\u0435\u043b\u044e\u0431\u043d\u0430\u044f \u0440\u0430\u0431\u043e\u0447\u0430\u044f \u0430\u0442\u043c\u043e\u0441\u0444\u0435\u0440\u0430.<\/li>\n<\/ul>\n<p><strong>\u0415\u0441\u043b\u0438 \u0432\u044b \u043d\u0435\u0437\u0430\u0432\u0438\u0441\u0438\u043c\u044b\u0439 \u0431\u0443\u0445\u0433\u0430\u043b\u0442\u0435\u0440 \u0441\u043e \u0441\u0442\u0440\u0430\u0441\u0442\u044c\u044e \u0438 \u0446\u0435\u043b\u0435\u0443\u0441\u0442\u0440\u0435\u043c\u043b\u0435\u043d\u043d\u043e\u0441\u0442\u044c\u044e \u0438 \u0438\u0449\u0435\u0442\u0435\/\u0436\u0435\u043b\u0430\u0435\u0442\u0435 \u0440\u0430\u0431\u043e\u0442\u0443, \u043a\u043e\u0442\u043e\u0440\u0430\u044f \u044f\u0432\u043b\u044f\u0435\u0442\u0441\u044f \u0447\u0435\u043c-\u0442\u043e \u0431\u043e\u043b\u044c\u0448\u0438\u043c, \u0447\u0435\u043c \u043f\u0440\u043e\u0441\u0442\u043e \u0440\u0430\u0431\u043e\u0442\u0430, \u043c\u044b \u043f\u0440\u0438\u0433\u043b\u0430\u0448\u0430\u0435\u043c \u0432\u0430\u0441 \u043f\u043e\u0434\u0430\u0442\u044c \u0437\u0430\u044f\u0432\u043a\u0443!<\/strong><\/p>\n<p>\u041e\u0442\u043f\u0440\u0430\u0432\u044c\u0442\u0435 \u0441\u0432\u043e\u0435 \u0440\u0435\u0437\u044e\u043c\u0435 \u043f\u043e \u0430\u0434\u0440\u0435\u0441\u0443: <a href=\"mailto:kontakt@akwadrat.info.pl\" target=\"_blank\" rel=\"noopener\">kontakt@akwadrat.info.pl<\/a> . \u041f\u0440\u0438\u0441\u043e\u0435\u0434\u0438\u043d\u044f\u0439\u0442\u0435\u0441\u044c \u043a \u043d\u0430\u0448\u0435\u0439 \u0431\u0443\u0445\u0433\u0430\u043b\u0442\u0435\u0440\u0441\u043a\u043e\u0439 \u043a\u043e\u043d\u0442\u043e\u0440\u0435 \u0438 \u043f\u0440\u043e\u0434\u043e\u043b\u0436\u0430\u0439\u0442\u0435 \u0441\u0432\u043e\u044e \u043a\u0430\u0440\u044c\u0435\u0440\u0443 \u0432\u043c\u0435\u0441\u0442\u0435 \u0441 \u043d\u0430\u043c\u0438!<\/p>\n<\/div>\n<\/div>\n<\/div>\n<\/div>\n\t\t\t\t\t\t\t\t<\/div>\n\t\t\t\t<\/div>\n\t\t\t\t<div class=\"elementor-element elementor-element-71e5823 elementor-mobile-align-center elementor-widget elementor-widget-button\" data-id=\"71e5823\" data-element_type=\"widget\" data-widget_type=\"button.default\">\n\t\t\t\t<div class=\"elementor-widget-container\">\n\t\t\t\t\t\t\t\t\t<div class=\"elementor-button-wrapper\">\n\t\t\t\t\t<a class=\"elementor-button elementor-button-link elementor-size-md\" href=\"https:\/\/calendly.com\/agnieszka-kopylowska\" target=\"_blank\" rel=\"noopener\">\n\t\t\t\t\t\t<span class=\"elementor-button-content-wrapper\">\n\t\t\t\t\t\t<span class=\"elementor-button-icon\">\n\t\t\t\t<svg aria-hidden=\"true\" class=\"e-font-icon-svg e-fas-arrow-right\" viewBox=\"0 0 448 512\" xmlns=\"http:\/\/www.w3.org\/2000\/svg\"><path d=\"M190.5 66.9l22.2-22.2c9.4-9.4 24.6-9.4 33.9 0L441 239c9.4 9.4 9.4 24.6 0 33.9L246.6 467.3c-9.4 9.4-24.6 9.4-33.9 0l-22.2-22.2c-9.5-9.5-9.3-25 .4-34.3L311.4 296H24c-13.3 0-24-10.7-24-24v-32c0-13.3 10.7-24 24-24h287.4L190.9 101.2c-9.8-9.3-10-24.8-.4-34.3z\"><\/path><\/svg>\t\t\t<\/span>\n\t\t\t\t\t\t\t\t\t<span class=\"elementor-button-text\">\u041f\u043e\u0433\u043e\u0432\u043e\u0440\u0438 \u0441 \u043d\u0430\u043c\u0438<\/span>\n\t\t\t\t\t<\/span>\n\t\t\t\t\t<\/a>\n\t\t\t\t<\/div>\n\t\t\t\t\t\t\t\t<\/div>\n\t\t\t\t<\/div>\n\t\t\t\t<\/div>\n\t\t<div class=\"elementor-element elementor-element-fb25812 e-con-full e-flex e-con e-child\" data-id=\"fb25812\" data-element_type=\"container\">\n\t\t\t\t<div class=\"elementor-element elementor-element-b10c127 elementor-widget elementor-widget-image\" data-id=\"b10c127\" data-element_type=\"widget\" data-settings=\"{&quot;motion_fx_translateY_effect&quot;:&quot;yes&quot;,&quot;motion_fx_translateY_direction&quot;:&quot;negative&quot;,&quot;motion_fx_translateY_speed&quot;:{&quot;unit&quot;:&quot;px&quot;,&quot;size&quot;:&quot;1&quot;,&quot;sizes&quot;:[]},&quot;motion_fx_motion_fx_scrolling&quot;:&quot;yes&quot;,&quot;motion_fx_translateY_affectedRange&quot;:{&quot;unit&quot;:&quot;%&quot;,&quot;size&quot;:&quot;&quot;,&quot;sizes&quot;:{&quot;start&quot;:0,&quot;end&quot;:100}},&quot;motion_fx_devices&quot;:[&quot;desktop&quot;,&quot;tablet&quot;,&quot;mobile&quot;]}\" data-widget_type=\"image.default\">\n\t\t\t\t<div class=\"elementor-widget-container\">\n\t\t\t\t\t\t\t\t\t\t\t\t\t\t\t<img decoding=\"async\" data-src=\"https:\/\/akwadrat.info.pl\/wp-content\/uploads\/2024\/04\/Uslugi-ksiegowe-dla-spolki-Warszawa-Targowek-Brodno-3-scaled-qf4kjwtxs02t67xhk7j6nloc0749kgtjbmlysgpb9c.jpeg\" title=\"\" alt=\"Us\u0142ugi Ksi\u0119gowe Warszawa\" src=\"data:image\/svg+xml;base64,PHN2ZyB3aWR0aD0iMSIgaGVpZ2h0PSIxIiB4bWxucz0iaHR0cDovL3d3dy53My5vcmcvMjAwMC9zdmciPjwvc3ZnPg==\" class=\"lazyload\" \/>\t\t\t\t\t\t\t\t\t\t\t\t\t\t\t<\/div>\n\t\t\t\t<\/div>\n\t\t\t\t<\/div>\n\t\t\t\t\t<\/div>\n\t\t\t\t<\/div>\n\t\t<div class=\"elementor-element elementor-element-6549b85 e-flex e-con-boxed e-con e-parent\" data-id=\"6549b85\" data-element_type=\"container\" data-settings=\"{&quot;background_background&quot;:&quot;gradient&quot;,&quot;shape_divider_top&quot;:&quot;waves&quot;}\">\n\t\t\t\t\t<div class=\"e-con-inner\">\n\t\t\t\t<div class=\"elementor-shape elementor-shape-top\" aria-hidden=\"true\" data-negative=\"false\">\n\t\t\t<svg xmlns=\"http:\/\/www.w3.org\/2000\/svg\" viewBox=\"0 0 1000 100\" preserveAspectRatio=\"none\">\n\t<path class=\"elementor-shape-fill\" d=\"M421.9,6.5c22.6-2.5,51.5,0.4,75.5,5.3c23.6,4.9,70.9,23.5,100.5,35.7c75.8,32.2,133.7,44.5,192.6,49.7\n\tc23.6,2.1,48.7,3.5,103.4-2.5c54.7-6,106.2-25.6,106.2-25.6V0H0v30.3c0,0,72,32.6,158.4,30.5c39.2-0.7,92.8-6.7,134-22.4\n\tc21.2-8.1,52.2-18.2,79.7-24.2C399.3,7.9,411.6,7.5,421.9,6.5z\"\/>\n<\/svg>\t\t<\/div>\n\t\t<div class=\"elementor-element elementor-element-0867724 e-con-full e-flex e-con e-child\" data-id=\"0867724\" data-element_type=\"container\">\n\t\t\t\t<div class=\"elementor-element elementor-element-e42b88e elementor-widget elementor-widget-heading\" data-id=\"e42b88e\" data-element_type=\"widget\" data-widget_type=\"heading.default\">\n\t\t\t\t<div class=\"elementor-widget-container\">\n\t\t\t\t\t<h4 class=\"elementor-heading-title elementor-size-default\">\u041f\u043e\u0433\u043e\u0432\u043e\u0440\u0438\u0442\u0435 \u0441 \u043d\u0430\u0448\u0438\u043c \u0431\u0443\u0445\u0433\u0430\u043b\u0442\u0435\u0440\u043e\u043c<\/h4>\t\t\t\t<\/div>\n\t\t\t\t<\/div>\n\t\t\t\t<div class=\"elementor-element elementor-element-bd39a4a elementor-widget elementor-widget-heading\" data-id=\"bd39a4a\" data-element_type=\"widget\" data-widget_type=\"heading.default\">\n\t\t\t\t<div class=\"elementor-widget-container\">\n\t\t\t\t\t<p class=\"elementor-heading-title elementor-size-default\">\u0423\u0437\u043d\u0430\u0439\u0442\u0435 \u043f\u043e\u0434\u0440\u043e\u0431\u043d\u043e\u0441\u0442\u0438 \u043f\u0440\u0435\u0434\u043b\u043e\u0436\u0435\u043d\u0438\u044f \u0434\u043b\u044f \u0412\u0430\u0448\u0435\u0439 \u043a\u043e\u043c\u043f\u0430\u043d\u0438\u0438<\/p>\t\t\t\t<\/div>\n\t\t\t\t<\/div>\n\t\t\t\t<div class=\"elementor-element elementor-element-d1d1191 elementor-mobile-align-center elementor-widget elementor-widget-button\" data-id=\"d1d1191\" data-element_type=\"widget\" data-widget_type=\"button.default\">\n\t\t\t\t<div class=\"elementor-widget-container\">\n\t\t\t\t\t\t\t\t\t<div class=\"elementor-button-wrapper\">\n\t\t\t\t\t<a class=\"elementor-button elementor-button-link elementor-size-md\" href=\"https:\/\/calendly.com\/agnieszka-kopylowska\" target=\"_blank\" rel=\"noopener\">\n\t\t\t\t\t\t<span class=\"elementor-button-content-wrapper\">\n\t\t\t\t\t\t<span class=\"elementor-button-icon\">\n\t\t\t\t<svg aria-hidden=\"true\" class=\"e-font-icon-svg e-fas-arrow-right\" viewBox=\"0 0 448 512\" xmlns=\"http:\/\/www.w3.org\/2000\/svg\"><path d=\"M190.5 66.9l22.2-22.2c9.4-9.4 24.6-9.4 33.9 0L441 239c9.4 9.4 9.4 24.6 0 33.9L246.6 467.3c-9.4 9.4-24.6 9.4-33.9 0l-22.2-22.2c-9.5-9.5-9.3-25 .4-34.3L311.4 296H24c-13.3 0-24-10.7-24-24v-32c0-13.3 10.7-24 24-24h287.4L190.9 101.2c-9.8-9.3-10-24.8-.4-34.3z\"><\/path><\/svg>\t\t\t<\/span>\n\t\t\t\t\t\t\t\t\t<span class=\"elementor-button-text\">\u0431\u0435\u0441\u043f\u043b\u0430\u0442\u043d\u0430\u044f \u043a\u043e\u043d\u0441\u0443\u043b\u044c\u0442\u0430\u0446\u0438\u044f<\/span>\n\t\t\t\t\t<\/span>\n\t\t\t\t\t<\/a>\n\t\t\t\t<\/div>\n\t\t\t\t\t\t\t\t<\/div>\n\t\t\t\t<\/div>\n\t\t\t\t<\/div>\n\t\t<div class=\"elementor-element elementor-element-9fb8a5e e-con-full e-flex e-con e-child\" data-id=\"9fb8a5e\" data-element_type=\"container\">\n\t\t\t\t<div class=\"elementor-element elementor-element-0337172 elementor-widget elementor-widget-image\" data-id=\"0337172\" data-element_type=\"widget\" data-settings=\"{&quot;motion_fx_motion_fx_scrolling&quot;:&quot;yes&quot;,&quot;motion_fx_translateY_effect&quot;:&quot;yes&quot;,&quot;motion_fx_translateY_direction&quot;:&quot;negative&quot;,&quot;motion_fx_translateY_speed&quot;:{&quot;unit&quot;:&quot;px&quot;,&quot;size&quot;:&quot;1&quot;,&quot;sizes&quot;:[]},&quot;motion_fx_devices&quot;:[&quot;desktop&quot;,&quot;tablet&quot;],&quot;motion_fx_translateY_affectedRange&quot;:{&quot;unit&quot;:&quot;%&quot;,&quot;size&quot;:&quot;&quot;,&quot;sizes&quot;:{&quot;start&quot;:&quot;0&quot;,&quot;end&quot;:&quot;50&quot;}}}\" data-widget_type=\"image.default\">\n\t\t\t\t<div class=\"elementor-widget-container\">\n\t\t\t\t\t\t\t\t\t\t\t\t\t\t\t<img decoding=\"async\" data-src=\"https:\/\/akwadrat.info.pl\/wp-content\/uploads\/2024\/03\/Uslugi-ksiegowe-dla-spolki-Warszawa-Targowek-Brodno-4-scaled.jpg\" title=\"\" alt=\"Uslugi ksiegowe dla Sp\u00f3\u0142ki oraz JDG Warszawa Targowek Ksi\u0119gowa\" src=\"data:image\/svg+xml;base64,PHN2ZyB3aWR0aD0iMSIgaGVpZ2h0PSIxIiB4bWxucz0iaHR0cDovL3d3dy53My5vcmcvMjAwMC9zdmciPjwvc3ZnPg==\" class=\"lazyload\" \/>\t\t\t\t\t\t\t\t\t\t\t\t\t\t\t<\/div>\n\t\t\t\t<\/div>\n\t\t\t\t<\/div>\n\t\t\t\t\t<\/div>\n\t\t\t\t<\/div>\n\t\t\t\t<\/div>\n\t\t","protected":false},"excerpt":{"rendered":"<p>\u0420\u0430\u0431\u043e\u0442\u0430\u0442\u044c \u0441 \u043d\u0430\u043c\u0438 \u041f\u0440\u0438\u0441\u043e\u0435\u0434\u0438\u043d\u044f\u0439\u0442\u0435\u0441\u044c \u043a \u043a\u043e\u043c\u0430\u043d\u0434\u0435 Akwadrat! \u043b\u0438\u0434\u0435\u0440 \u0432 \u0441\u0444\u0435\u0440\u0435 \u0431\u0443\u0445\u0433\u0430\u043b\u0442\u0435\u0440\u0441\u043a\u043e\u0433\u043e \u0443\u0447\u0435\u0442\u0430 \u0412 \u0410\u043a\u0432\u0430\u0434\u0440\u0430\u0442\u0435 \u0421\u041f. z o. o., \u043c\u044b \u0446\u0435\u043d\u0438\u043c \u043e\u043f\u044b\u0442\u043d\u044b\u0445 \u0438 \u043d\u0435\u0437\u0430\u0432\u0438\u0441\u0438\u043c\u044b\u0445 \u0431\u0443\u0445\u0433\u0430\u043b\u0442\u0435\u0440\u043e\u0432, \u0433\u043e\u0442\u043e\u0432\u044b\u0445 \u043a \u043d\u043e\u0432\u044b\u043c \u0437\u0430\u0434\u0430\u0447\u0430\u043c. \u041c\u044b \u043f\u0440\u0435\u0434\u043b\u0430\u0433\u0430\u0435\u043c \u043d\u0435 \u0442\u043e\u043b\u044c\u043a\u043e \u0440\u0430\u0431\u043e\u0442\u0443, \u043d\u043e \u0438 \u0432\u043e\u0437\u043c\u043e\u0436\u043d\u043e\u0441\u0442\u044c \u0440\u0430\u0437\u0432\u0438\u0432\u0430\u0442\u044c\u0441\u044f \u0432 \u0434\u0440\u0443\u0436\u0435\u043b\u044e\u0431\u043d\u043e\u0439 \u0438 \u043f\u0440\u043e\u0444\u0435\u0441\u0441\u0438\u043e\u043d\u0430\u043b\u044c\u043d\u043e\u0439 \u0441\u0440\u0435\u0434\u0435. \u0412\u0430\u0448\u0438 \u043e\u0441\u043d\u043e\u0432\u043d\u044b\u0435 \u0437\u0430\u0434\u0430\u0447\u0438: \u0410\u043a\u043a\u0443\u0440\u0430\u0442\u043d\u043e\u0435 \u0438 \u0441\u0432\u043e\u0435\u0432\u0440\u0435\u043c\u0435\u043d\u043d\u043e\u0435 \u0432\u0435\u0434\u0435\u043d\u0438\u0435 \u0442\u043e\u0440\u0433\u043e\u0432\u044b\u0445 \u043a\u043d\u0438\u0433 \u0413\u0440\u0430\u043c\u043e\u0442\u043d\u043e\u0435 \u0431\u0443\u0445\u0433\u0430\u043b\u0442\u0435\u0440\u0441\u043a\u043e\u0435 \u043e\u0431\u0441\u043b\u0443\u0436\u0438\u0432\u0430\u043d\u0438\u0435 \u041a\u041f\u0418\u0420(KPIR) [&hellip;]<\/p>\n","protected":false},"author":1,"featured_media":5976,"parent":0,"menu_order":0,"comment_status":"closed","ping_status":"closed","template":"elementor_header_footer","meta":{"footnotes":""},"class_list":["post-4958","page","type-page","status-publish","has-post-thumbnail","hentry"],"blocksy_meta":[],"_links":{"self":[{"href":"https:\/\/www.akwadrat.info.pl\/ru\/wp-json\/wp\/v2\/pages\/4958","targetHints":{"allow":["GET"]}}],"collection":[{"href":"https:\/\/www.akwadrat.info.pl\/ru\/wp-json\/wp\/v2\/pages"}],"about":[{"href":"https:\/\/www.akwadrat.info.pl\/ru\/wp-json\/wp\/v2\/types\/page"}],"author":[{"embeddable":true,"href":"https:\/\/www.akwadrat.info.pl\/ru\/wp-json\/wp\/v2\/users\/1"}],"replies":[{"embeddable":true,"href":"https:\/\/www.akwadrat.info.pl\/ru\/wp-json\/wp\/v2\/comments?post=4958"}],"version-history":[{"count":1,"href":"https:\/\/www.akwadrat.info.pl\/ru\/wp-json\/wp\/v2\/pages\/4958\/revisions"}],"predecessor-version":[{"id":4959,"href":"https:\/\/www.akwadrat.info.pl\/ru\/wp-json\/wp\/v2\/pages\/4958\/revisions\/4959"}],"wp:featuredmedia":[{"embeddable":true,"href":"https:\/\/www.akwadrat.info.pl\/ru\/wp-json\/wp\/v2\/media\/5976"}],"wp:attachment":[{"href":"https:\/\/www.akwadrat.info.pl\/ru\/wp-json\/wp\/v2\/media?parent=4958"}],"curies":[{"name":"wp","href":"https:\/\/api.w.org\/{rel}","templated":true}]}}