{"id":539,"date":"2022-04-27T08:08:54","date_gmt":"2022-04-27T08:08:54","guid":{"rendered":"https:\/\/akwdev.proop.pl\/?page_id=539"},"modified":"2025-09-22T02:02:07","modified_gmt":"2025-09-22T00:02:07","slug":"biuro-rachunkowe-warszawa-oferta","status":"publish","type":"page","link":"https:\/\/www.akwadrat.info.pl\/pl\/biuro-rachunkowe-warszawa-oferta\/","title":{"rendered":"Biuro rachunkowe Warszawa &#8211; Oferta"},"content":{"rendered":"\t\t<div data-elementor-type=\"wp-page\" data-elementor-id=\"539\" class=\"elementor elementor-539\" data-elementor-post-type=\"page\">\n\t\t\t\t\t\t<section class=\"elementor-section elementor-top-section elementor-element elementor-element-1ffe42c elementor-section-boxed elementor-section-height-default elementor-section-height-default\" data-id=\"1ffe42c\" data-element_type=\"section\">\n\t\t\t\t\t\t<div class=\"elementor-container elementor-column-gap-default\">\n\t\t\t\t\t<div class=\"elementor-column elementor-col-100 elementor-top-column elementor-element elementor-element-f5abb43\" data-id=\"f5abb43\" data-element_type=\"column\">\n\t\t\t<div class=\"elementor-widget-wrap elementor-element-populated\">\n\t\t\t\t\t\t<div class=\"elementor-element elementor-element-0bfcbe7 elementor-widget elementor-widget-heading\" data-id=\"0bfcbe7\" data-element_type=\"widget\" data-widget_type=\"heading.default\">\n\t\t\t\t<div class=\"elementor-widget-container\">\n\t\t\t\t\t<h1 class=\"elementor-heading-title elementor-size-default\">Biuro ksi\u0119gowe Warszawa - Oferta<\/h1>\t\t\t\t<\/div>\n\t\t\t\t<\/div>\n\t\t\t\t\t<\/div>\n\t\t<\/div>\n\t\t\t\t\t<\/div>\n\t\t<\/section>\n\t\t\t\t<section class=\"elementor-section elementor-top-section elementor-element elementor-element-4ce2af5 elementor-section-boxed elementor-section-height-default elementor-section-height-default\" data-id=\"4ce2af5\" data-element_type=\"section\">\n\t\t\t\t\t\t<div class=\"elementor-container elementor-column-gap-default\">\n\t\t\t\t\t<div class=\"elementor-column elementor-col-50 elementor-top-column elementor-element elementor-element-2a9d5f9\" data-id=\"2a9d5f9\" data-element_type=\"column\">\n\t\t\t<div class=\"elementor-widget-wrap elementor-element-populated\">\n\t\t\t\t\t\t<div class=\"elementor-element elementor-element-2ce3348 elementor-widget elementor-widget-text-editor\" data-id=\"2ce3348\" data-element_type=\"widget\" data-widget_type=\"text-editor.default\">\n\t\t\t\t<div class=\"elementor-widget-container\">\n\t\t\t\t\t\t\t\t\t<p>Zapraszamy do wsp\u00f3\u0142pracy podmioty o r\u00f3\u017cnych profilach dzia\u0142alno\u015bci oraz formach prawnych, a w szczeg\u00f3lno\u015bci:<\/p><ul><li>osoby fizyczne prowadz\u0105ce dzia\u0142alno\u015b\u0107,<\/li><li>sp\u00f3\u0142ki kapita\u0142owe i osobowe,<\/li><li>stowarzyszenia, fundacje,<\/li><li>sp\u00f3\u0142dzielnie socjalne.<\/li><\/ul>\t\t\t\t\t\t\t\t<\/div>\n\t\t\t\t<\/div>\n\t\t\t\t<div class=\"elementor-element elementor-element-eefb2d6 elementor-widget elementor-widget-heading\" data-id=\"eefb2d6\" data-element_type=\"widget\" data-widget_type=\"heading.default\">\n\t\t\t\t<div class=\"elementor-widget-container\">\n\t\t\t\t\t<h2 class=\"elementor-heading-title elementor-size-default\">Nasza obs\u0142uga ksi\u0119gowa obejmuje mi\u0119dzy innymi:\n<\/h2>\t\t\t\t<\/div>\n\t\t\t\t<\/div>\n\t\t\t\t<div class=\"elementor-element elementor-element-d058064 elementor-widget elementor-widget-text-editor\" data-id=\"d058064\" data-element_type=\"widget\" data-widget_type=\"text-editor.default\">\n\t\t\t\t<div class=\"elementor-widget-container\">\n\t\t\t\t\t\t\t\t\t<ul><li>prowadzenie Podatkowej Ksi\u0119gi Przychod\u00f3w i Rozchod\u00f3w,<\/li><li>prowadzenie ewidencji przychod\u00f3w,<\/li><li>opracowanie planu kont i polityki rachunkowo\u015bci,<\/li><li>dekretacja i ksi\u0119gowanie dokument\u00f3w,<\/li><li>sporz\u0105dzanie rejestr\u00f3w VAT zakupu i sprzeda\u017cy,<\/li><li>wyliczanie zaliczek na podatek dochodowy,<\/li><li>sporz\u0105dzanie i elektroniczne przesy\u0142anie deklaracji VAT, VAT UE, PIT, CIT, NIP, PCC,<\/li><li>bie\u017c\u0105ca kontrola rozrachunk\u00f3w,<\/li><li>prowadzenie ewidencji wyposa\u017cenia, \u015brodk\u00f3w trwa\u0142ych, warto\u015bci niematerialnych i prawnych,<\/li><li>sporz\u0105dzanie sprawozda\u0144 finansowych,<\/li><li>rozliczanie wewn\u0105trzwsp\u00f3lnotowej dostawy, wewn\u0105trzwsp\u00f3lnotowego nabycia towar\u00f3w i us\u0142ug,<\/li><li>rozliczenie importu i exportu towar\u00f3w i us\u0142ug,<\/li><li>sporz\u0105dzanie sprawozda\u0144 do Urz\u0119du Statystycznego,<\/li><li>sporz\u0105dzanie kosztorys\u00f3w i rozliczanie projekt\u00f3w finansowanych ze \u015brodk\u00f3w publicznych,<\/li><li>kompleksow\u0105 obs\u0142ug\u0119 kadrowo \u2013 p\u0142acow\u0105, w tym: prowadzenie dokumentacji kadrowej i akt osobowych, sporz\u0105dzanie list p\u0142ac, sporz\u0105dzanie indywidualnych kart wynagrodze\u0144 oraz deklaracji PIT-11, sporz\u0105dzanie um\u00f3w o prac\u0119, zlecenia i um\u00f3w o dzie\u0142o, obliczanie zaliczek na podatek dochodowy od wynagrodze\u0144, obliczanie sk\u0142adek, sporz\u0105dzanie i elektroniczne przekazywanie do ZUS deklaracji zg\u0142oszeniowych, rozliczeniowych dla ubezpieczonych, sporz\u0105dzanie i przekazywanie dokumentacji zasi\u0142kowej do ZUS, na \u017cyczenie sporz\u0105dzanie za\u015bwiadcze\u0144 o zatrudnieniu i zarobkach dla pracownik\u00f3w w razie konieczno\u015bci, wyprowadzanie zaleg\u0142o\u015bci ksi\u0119gowych, pomoc w uruchamianiu i likwidacji firmy Zapraszamy do korzystania z naszych us\u0142ug.<\/li><\/ul>\t\t\t\t\t\t\t\t<\/div>\n\t\t\t\t<\/div>\n\t\t\t\t\t<\/div>\n\t\t<\/div>\n\t\t\t\t<div class=\"elementor-column elementor-col-50 elementor-top-column elementor-element elementor-element-e42459f\" data-id=\"e42459f\" data-element_type=\"column\">\n\t\t\t<div class=\"elementor-widget-wrap elementor-element-populated\">\n\t\t\t\t\t\t<div class=\"elementor-element elementor-element-73cf5c6 elementor-widget elementor-widget-image\" data-id=\"73cf5c6\" data-element_type=\"widget\" data-widget_type=\"image.default\">\n\t\t\t\t<div class=\"elementor-widget-container\">\n\t\t\t\t\t\t\t\t\t\t\t\t\t\t\t<img decoding=\"async\" data-src=\"https:\/\/www.akwadrat.info.pl\/wp-content\/uploads\/elementor\/thumbs\/Biuro-Rachunkowe-Warszawa-scaled-1-qo0dokz46fx1rd919sun6d83zu2wqzlccvnvq3xxz4.jpg\" title=\"Biuro Rachunkowe Warszawa\" alt=\"Biuro Rachunkowe Warszawa\" src=\"data:image\/svg+xml;base64,PHN2ZyB3aWR0aD0iMSIgaGVpZ2h0PSIxIiB4bWxucz0iaHR0cDovL3d3dy53My5vcmcvMjAwMC9zdmciPjwvc3ZnPg==\" class=\"lazyload\" style=\"--smush-placeholder-width: 600px; --smush-placeholder-aspect-ratio: 600\/800;\" \/>\t\t\t\t\t\t\t\t\t\t\t\t\t\t\t<\/div>\n\t\t\t\t<\/div>\n\t\t\t\t\t<\/div>\n\t\t<\/div>\n\t\t\t\t\t<\/div>\n\t\t<\/section>\n\t\t\t\t<section class=\"elementor-section elementor-top-section elementor-element elementor-element-2808164 elementor-section-boxed elementor-section-height-default elementor-section-height-default\" data-id=\"2808164\" data-element_type=\"section\">\n\t\t\t\t\t\t<div class=\"elementor-container elementor-column-gap-default\">\n\t\t\t\t\t<div class=\"elementor-column elementor-col-100 elementor-top-column elementor-element elementor-element-1e5e4cc\" data-id=\"1e5e4cc\" data-element_type=\"column\">\n\t\t\t<div class=\"elementor-widget-wrap elementor-element-populated\">\n\t\t\t\t\t\t<div class=\"elementor-element elementor-element-d11bc2a elementor-widget elementor-widget-heading\" data-id=\"d11bc2a\" data-element_type=\"widget\" data-widget_type=\"heading.default\">\n\t\t\t\t<div class=\"elementor-widget-container\">\n\t\t\t\t\t<h2 class=\"elementor-heading-title elementor-size-default\">Co nas wyr\u00f3\u017cnia?<\/h2>\t\t\t\t<\/div>\n\t\t\t\t<\/div>\n\t\t\t\t<div class=\"elementor-element elementor-element-4afae7c elementor-widget elementor-widget-text-editor\" data-id=\"4afae7c\" data-element_type=\"widget\" data-widget_type=\"text-editor.default\">\n\t\t\t\t<div class=\"elementor-widget-container\">\n\t\t\t\t\t\t\t\t\t<p>Jeste\u015bmy biurem rachunkowym posiadaj\u0105cym bogate do\u015bwiadczenie w obs\u0142udze takich podmiot\u00f3w, jak m.in. sp\u00f3\u0142dzielnie socjalne, fundacje i stowarzyszenia. Wiemy, \u017ce niewiele z istniej\u0105cych biur rachunkowych ch\u0119tnie podejmuje si\u0119 ich obs\u0142ugi.<\/p><p>Nie musz\u0105 Pa\u0144stwo dostarcza\u0107 nam osobi\u015bcie dokument\u00f3w w formie papierowej. Posiadamy oprogramowanie, za pomoc\u0105 kt\u00f3rego eksportujemy dokumenty przesy\u0142ane nam mailowo, do naszych program\u00f3w ksi\u0119gowych.<\/p>\t\t\t\t\t\t\t\t<\/div>\n\t\t\t\t<\/div>\n\t\t\t\t\t<\/div>\n\t\t<\/div>\n\t\t\t\t\t<\/div>\n\t\t<\/section>\n\t\t\t\t<section class=\"elementor-section elementor-top-section elementor-element elementor-element-6e72459 elementor-section-boxed elementor-section-height-default elementor-section-height-default\" data-id=\"6e72459\" data-element_type=\"section\">\n\t\t\t\t\t\t<div class=\"elementor-container elementor-column-gap-default\">\n\t\t\t\t\t<div class=\"elementor-column elementor-col-100 elementor-top-column elementor-element elementor-element-7e6cb6a\" data-id=\"7e6cb6a\" data-element_type=\"column\">\n\t\t\t<div class=\"elementor-widget-wrap elementor-element-populated\">\n\t\t\t\t\t\t<div class=\"elementor-element elementor-element-4adf674 elementor-widget elementor-widget-heading\" data-id=\"4adf674\" data-element_type=\"widget\" data-widget_type=\"heading.default\">\n\t\t\t\t<div class=\"elementor-widget-container\">\n\t\t\t\t\t<h2 class=\"elementor-heading-title elementor-size-default\">Wi\u0119cej szczeg\u00f3\u0142\u00f3w na temat oferty naszego biura rachunkowego mo\u017cna znale\u017a\u0107 poni\u017cej.<\/h2>\t\t\t\t<\/div>\n\t\t\t\t<\/div>\n\t\t\t\t<div class=\"elementor-element elementor-element-004e417 elementor-widget elementor-widget-text-editor\" data-id=\"004e417\" data-element_type=\"widget\" data-widget_type=\"text-editor.default\">\n\t\t\t\t<div class=\"elementor-widget-container\">\n\t\t\t\t\t\t\t\t\t<ul><li><a href=\"https:\/\/akwadrat.info.plstart\/biuro-ksiegowe\">Biuro rachunkowe<\/a><\/li><li><a href=\"https:\/\/akwadrat.info.plbiuro-ksiegowe\/\">Biuro ksi\u0119gowe<\/a><\/li><li><a href=\"https:\/\/akwadrat.info.pluslugi-rachunkowe\/\">Us\u0142ugi rachunkowe<\/a><\/li><li><a href=\"https:\/\/akwadrat.info.pluslugi-ksiegowe\/\">Us\u0142ugi ksi\u0119gowe<\/a><\/li><li><a href=\"https:\/\/akwadrat.info.pluslugi-ksiegowe-dla-spolek\/\">Us\u0142ugi ksi\u0119gowe dla sp\u00f3\u0142ki<\/a><\/li><li><a href=\"https:\/\/akwadrat.info.plfirma-ksiegowa\/\">Firma ksi\u0119gowa<\/a><\/li><li><a href=\"https:\/\/akwadrat.info.plksiegowa\/\">Ksi\u0119gowa<\/a><\/li><\/ul>\t\t\t\t\t\t\t\t<\/div>\n\t\t\t\t<\/div>\n\t\t\t\t\t<\/div>\n\t\t<\/div>\n\t\t\t\t\t<\/div>\n\t\t<\/section>\n\t\t\t\t<\/div>\n\t\t","protected":false},"excerpt":{"rendered":"<p>Biuro ksi\u0119gowe Warszawa &#8211; Oferta Zapraszamy do wsp\u00f3\u0142pracy podmioty o r\u00f3\u017cnych profilach dzia\u0142alno\u015bci oraz formach prawnych, a w szczeg\u00f3lno\u015bci: osoby fizyczne prowadz\u0105ce dzia\u0142alno\u015b\u0107, sp\u00f3\u0142ki kapita\u0142owe i osobowe, stowarzyszenia, fundacje, sp\u00f3\u0142dzielnie socjalne. Nasza obs\u0142uga ksi\u0119gowa obejmuje mi\u0119dzy innymi: prowadzenie Podatkowej Ksi\u0119gi Przychod\u00f3w i Rozchod\u00f3w, prowadzenie ewidencji przychod\u00f3w, opracowanie planu kont i polityki rachunkowo\u015bci, dekretacja i ksi\u0119gowanie [&hellip;]<\/p>\n","protected":false},"author":3,"featured_media":5974,"parent":0,"menu_order":0,"comment_status":"closed","ping_status":"closed","template":"elementor_header_footer","meta":{"footnotes":""},"class_list":["post-539","page","type-page","status-publish","has-post-thumbnail","hentry"],"blocksy_meta":[],"_links":{"self":[{"href":"https:\/\/www.akwadrat.info.pl\/pl\/wp-json\/wp\/v2\/pages\/539","targetHints":{"allow":["GET"]}}],"collection":[{"href":"https:\/\/www.akwadrat.info.pl\/pl\/wp-json\/wp\/v2\/pages"}],"about":[{"href":"https:\/\/www.akwadrat.info.pl\/pl\/wp-json\/wp\/v2\/types\/page"}],"author":[{"embeddable":true,"href":"https:\/\/www.akwadrat.info.pl\/pl\/wp-json\/wp\/v2\/users\/3"}],"replies":[{"embeddable":true,"href":"https:\/\/www.akwadrat.info.pl\/pl\/wp-json\/wp\/v2\/comments?post=539"}],"version-history":[{"count":5,"href":"https:\/\/www.akwadrat.info.pl\/pl\/wp-json\/wp\/v2\/pages\/539\/revisions"}],"predecessor-version":[{"id":6204,"href":"https:\/\/www.akwadrat.info.pl\/pl\/wp-json\/wp\/v2\/pages\/539\/revisions\/6204"}],"wp:featuredmedia":[{"embeddable":true,"href":"https:\/\/www.akwadrat.info.pl\/pl\/wp-json\/wp\/v2\/media\/5974"}],"wp:attachment":[{"href":"https:\/\/www.akwadrat.info.pl\/pl\/wp-json\/wp\/v2\/media?parent=539"}],"curies":[{"name":"wp","href":"https:\/\/api.w.org\/{rel}","templated":true}]}}