{"id":3578,"date":"2022-04-27T22:28:28","date_gmt":"2022-04-27T22:28:28","guid":{"rendered":"https:\/\/akwdev.proop.pl\/?page_id=904"},"modified":"2025-09-22T02:02:54","modified_gmt":"2025-09-22T00:02:54","slug":"ksiegowa","status":"publish","type":"page","link":"https:\/\/www.akwadrat.info.pl\/pl\/ksiegowa\/","title":{"rendered":"Ksi\u0119gowa Warszawa"},"content":{"rendered":"\t\t<div data-elementor-type=\"wp-page\" data-elementor-id=\"3578\" class=\"elementor elementor-3578\" data-elementor-post-type=\"page\">\n\t\t\t\t\t\t<section class=\"elementor-section elementor-top-section elementor-element elementor-element-1ffe42c elementor-section-boxed elementor-section-height-default elementor-section-height-default\" data-id=\"1ffe42c\" data-element_type=\"section\">\n\t\t\t\t\t\t<div class=\"elementor-container elementor-column-gap-default\">\n\t\t\t\t\t<div class=\"elementor-column elementor-col-100 elementor-top-column elementor-element elementor-element-f5abb43\" data-id=\"f5abb43\" data-element_type=\"column\">\n\t\t\t<div class=\"elementor-widget-wrap elementor-element-populated\">\n\t\t\t\t\t\t<div class=\"elementor-element elementor-element-0bfcbe7 elementor-widget elementor-widget-heading\" data-id=\"0bfcbe7\" data-element_type=\"widget\" data-widget_type=\"heading.default\">\n\t\t\t\t<div class=\"elementor-widget-container\">\n\t\t\t\t\t<h1 class=\"elementor-heading-title elementor-size-default\">Ksi\u0119gowa Warszawa Targ\u00f3wek<\/h1>\t\t\t\t<\/div>\n\t\t\t\t<\/div>\n\t\t\t\t\t<\/div>\n\t\t<\/div>\n\t\t\t\t\t<\/div>\n\t\t<\/section>\n\t\t\t\t<section class=\"elementor-section elementor-top-section elementor-element elementor-element-4ce2af5 elementor-section-boxed elementor-section-height-default elementor-section-height-default\" data-id=\"4ce2af5\" data-element_type=\"section\">\n\t\t\t\t\t\t<div class=\"elementor-container elementor-column-gap-default\">\n\t\t\t\t\t<div class=\"elementor-column elementor-col-50 elementor-top-column elementor-element elementor-element-2a9d5f9\" data-id=\"2a9d5f9\" data-element_type=\"column\">\n\t\t\t<div class=\"elementor-widget-wrap elementor-element-populated\">\n\t\t\t\t\t\t<div class=\"elementor-element elementor-element-2ce3348 elementor-widget elementor-widget-text-editor\" data-id=\"2ce3348\" data-element_type=\"widget\" data-widget_type=\"text-editor.default\">\n\t\t\t\t<div class=\"elementor-widget-container\">\n\t\t\t\t\t\t\t\t\t<p>Nasi ksi\u0119gowi maj\u0105 doskona\u0142y warsztat zawodowy, a dzi\u0119ki doskonaleniu swoich umiej\u0119tno\u015bci z pewno\u015bci\u0105 profesjonalnie zajm\u0105 si\u0119 obs\u0142ug\u0105 Pa\u0144stwa firmy. Zesp\u00f3\u0142 Akwadrat szkoli si\u0119 w najlepszych o\u015brodkach szkoleniowych oraz na bie\u017c\u0105co \u015bledzi wszystkie zmiany uregulowa\u0144 w Polsce na obszarze rachunkowym. <br \/>Przedsi\u0119biorcy, kt\u00f3rzy przekazali nam swoje sprawy ksi\u0119gowe i kadrowe oszcz\u0119dzaj\u0105 czas, skupiaj\u0105c si\u0119 na rozwoju firmy. Gwarantujemy Pa\u0144stwu profesjonaln\u0105 obs\u0142ug\u0119 ksi\u0119gow\u0105. Oferujemy Pa\u0144stwu r\u00f3wnie\u017c najlepsze ceny w Warszawie.<\/p>\t\t\t\t\t\t\t\t<\/div>\n\t\t\t\t<\/div>\n\t\t\t\t<div class=\"elementor-element elementor-element-d11bc2a elementor-widget elementor-widget-heading\" data-id=\"d11bc2a\" data-element_type=\"widget\" data-widget_type=\"heading.default\">\n\t\t\t\t<div class=\"elementor-widget-container\">\n\t\t\t\t\t<h2 class=\"elementor-heading-title elementor-size-default\">Ksi\u0119gowa Warszawa - cennik<\/h2>\t\t\t\t<\/div>\n\t\t\t\t<\/div>\n\t\t\t\t<div class=\"elementor-element elementor-element-d058064 elementor-widget__width-initial elementor-widget elementor-widget-text-editor\" data-id=\"d058064\" data-element_type=\"widget\" data-widget_type=\"text-editor.default\">\n\t\t\t\t<div class=\"elementor-widget-container\">\n\t\t\t\t\t\t\t\t\t<p><b>Cennik taniej ksi\u0119gowo\u015bci<\/b> Akwadrat jest pogl\u0105dowy i pozwala okre\u015bli\u0107 ceny \u201e0d\u201d. Bardziej szczeg\u00f3\u0142owy cennik pozwalamy sobie przedstawi\u0107 po spotkaniu i po okre\u015bleniu jaki mia\u0142by by\u0107 zakres prac <b>ksi\u0119gowej<\/b>.<\/p><h3 style=\"font-size: 16px;\"><a href=\"https:\/\/akwadrat.info.plcennik\/\">Zobacz Cennik<\/a><\/h3><p>Podane ceny s\u0105 kwotami netto. Je\u015bli chcieliby\u015bcie Pa\u0144stwo uzyska\u0107 wst\u0119pn\u0105 wycen\u0119 naszych us\u0142ug prosimy o wys\u0142anie maila lub kontakt telefoniczny z podstawowymi informacjami na temat Pa\u0144stwa firmy obejmuj\u0105cymi:<\/p><ul><li>rodzaj i zakres prowadzonej dzia\u0142alno\u015bci,<\/li><li>miesi\u0119czn\u0105 ilo\u015b\u0107 dokument\u00f3w przychodowych i kosztowych,<\/li><li>liczb\u0119 zatrudnionych pracownik\u00f3w, itp.<\/li><\/ul>\t\t\t\t\t\t\t\t<\/div>\n\t\t\t\t<\/div>\n\t\t\t\t\t<\/div>\n\t\t<\/div>\n\t\t\t\t<div class=\"elementor-column elementor-col-50 elementor-top-column elementor-element elementor-element-fdfac4d\" data-id=\"fdfac4d\" data-element_type=\"column\">\n\t\t\t<div class=\"elementor-widget-wrap elementor-element-populated\">\n\t\t\t\t\t\t<div class=\"elementor-element elementor-element-4ae413b elementor-arrows-position-inside elementor-pagination-position-outside elementor-widget elementor-widget-image-carousel\" data-id=\"4ae413b\" data-element_type=\"widget\" data-settings=\"{&quot;slides_to_show&quot;:&quot;1&quot;,&quot;navigation&quot;:&quot;both&quot;,&quot;autoplay&quot;:&quot;yes&quot;,&quot;pause_on_hover&quot;:&quot;yes&quot;,&quot;pause_on_interaction&quot;:&quot;yes&quot;,&quot;autoplay_speed&quot;:5000,&quot;infinite&quot;:&quot;yes&quot;,&quot;effect&quot;:&quot;slide&quot;,&quot;speed&quot;:500}\" data-widget_type=\"image-carousel.default\">\n\t\t\t\t<div class=\"elementor-widget-container\">\n\t\t\t\t\t\t\t<div class=\"elementor-image-carousel-wrapper swiper\" role=\"region\" aria-roledescription=\"carousel\" aria-label=\"Karuzela obrazk\u00f3w\" dir=\"ltr\">\n\t\t\t<div class=\"elementor-image-carousel swiper-wrapper\" aria-live=\"off\">\n\t\t\t\t\t\t\t\t<div class=\"swiper-slide\" role=\"group\" aria-roledescription=\"slide\" aria-label=\"1 z 4\"><figure class=\"swiper-slide-inner\"><img decoding=\"async\" class=\"swiper-slide-image lazyload\" data-src=\"https:\/\/www.akwadrat.info.pl\/wp-content\/uploads\/2025\/09\/zespol-ksiegowych-sofa-biuro-rachunkowe-akwadrat-warszawa-targowek-2025-scaled.jpg\" alt=\"Czteroosobowy zesp\u00f3\u0142 ksi\u0119gowych Biura Rachunkowego Akwadrat w Warszawie, dzielnica Targ\u00f3wek \u2013 spotkanie przy sofie\" src=\"data:image\/svg+xml;base64,PHN2ZyB3aWR0aD0iMSIgaGVpZ2h0PSIxIiB4bWxucz0iaHR0cDovL3d3dy53My5vcmcvMjAwMC9zdmciPjwvc3ZnPg==\" style=\"--smush-placeholder-width: 1707px; --smush-placeholder-aspect-ratio: 1707\/2560;\" \/><\/figure><\/div><div class=\"swiper-slide\" role=\"group\" aria-roledescription=\"slide\" aria-label=\"2 z 4\"><figure class=\"swiper-slide-inner\"><img decoding=\"async\" class=\"swiper-slide-image lazyload\" data-src=\"https:\/\/www.akwadrat.info.pl\/wp-content\/uploads\/2025\/09\/zespol-ksiegowych-akwadrat-warszawa-2025-2-scaled.jpg\" alt=\"Zesp\u00f3\u0142 ksi\u0119gowych Biura Rachunkowego Akwadrat w Warszawie, dzielnica Targ\u00f3wek \u2013 zdj\u0119cie we wn\u0119trzu biura\" src=\"data:image\/svg+xml;base64,PHN2ZyB3aWR0aD0iMSIgaGVpZ2h0PSIxIiB4bWxucz0iaHR0cDovL3d3dy53My5vcmcvMjAwMC9zdmciPjwvc3ZnPg==\" style=\"--smush-placeholder-width: 1707px; --smush-placeholder-aspect-ratio: 1707\/2560;\" \/><\/figure><\/div><div class=\"swiper-slide\" role=\"group\" aria-roledescription=\"slide\" aria-label=\"3 z 4\"><figure class=\"swiper-slide-inner\"><img decoding=\"async\" class=\"swiper-slide-image lazyload\" data-src=\"https:\/\/www.akwadrat.info.pl\/wp-content\/uploads\/2025\/09\/doswiadczony-zespol-ksiegowych-biuro-rachunkowe-akwadrat-warszawa-2025-scaled.jpg\" alt=\"Trzyosobowy do\u015bwiadczony zesp\u00f3\u0142 ksi\u0119gowych Biura Rachunkowego Akwadrat w Warszawie\" src=\"data:image\/svg+xml;base64,PHN2ZyB3aWR0aD0iMSIgaGVpZ2h0PSIxIiB4bWxucz0iaHR0cDovL3d3dy53My5vcmcvMjAwMC9zdmciPjwvc3ZnPg==\" style=\"--smush-placeholder-width: 1707px; --smush-placeholder-aspect-ratio: 1707\/2560;\" \/><\/figure><\/div><div class=\"swiper-slide\" role=\"group\" aria-roledescription=\"slide\" aria-label=\"4 z 4\"><figure class=\"swiper-slide-inner\"><img decoding=\"async\" class=\"swiper-slide-image lazyload\" data-src=\"https:\/\/www.akwadrat.info.pl\/wp-content\/uploads\/2025\/09\/trojka-ksiegowych-biuro-rachunkowe-akwadrat-warszawa-targowek-2025-scaled.jpg\" alt=\"Trzyosobowy zesp\u00f3\u0142 ksi\u0119gowych Biura Rachunkowego Akwadrat w Warszawie, dzielnica Targ\u00f3wek\" src=\"data:image\/svg+xml;base64,PHN2ZyB3aWR0aD0iMSIgaGVpZ2h0PSIxIiB4bWxucz0iaHR0cDovL3d3dy53My5vcmcvMjAwMC9zdmciPjwvc3ZnPg==\" style=\"--smush-placeholder-width: 1707px; --smush-placeholder-aspect-ratio: 1707\/2560;\" \/><\/figure><\/div>\t\t\t<\/div>\n\t\t\t\t\t\t\t\t\t\t\t\t<div class=\"elementor-swiper-button elementor-swiper-button-prev\" role=\"button\" tabindex=\"0\">\n\t\t\t\t\t\t<svg aria-hidden=\"true\" class=\"e-font-icon-svg e-eicon-chevron-left\" viewBox=\"0 0 1000 1000\" xmlns=\"http:\/\/www.w3.org\/2000\/svg\"><path d=\"M646 125C629 125 613 133 604 142L308 442C296 454 292 471 292 487 292 504 296 521 308 533L604 854C617 867 629 875 646 875 663 875 679 871 692 858 704 846 713 829 713 812 713 796 708 779 692 767L438 487 692 225C700 217 708 204 708 187 708 171 704 154 692 142 675 129 663 125 646 125Z\"><\/path><\/svg>\t\t\t\t\t<\/div>\n\t\t\t\t\t<div class=\"elementor-swiper-button elementor-swiper-button-next\" role=\"button\" tabindex=\"0\">\n\t\t\t\t\t\t<svg aria-hidden=\"true\" class=\"e-font-icon-svg e-eicon-chevron-right\" viewBox=\"0 0 1000 1000\" xmlns=\"http:\/\/www.w3.org\/2000\/svg\"><path d=\"M696 533C708 521 713 504 713 487 713 471 708 454 696 446L400 146C388 133 375 125 354 125 338 125 325 129 313 142 300 154 292 171 292 187 292 204 296 221 308 233L563 492 304 771C292 783 288 800 288 817 288 833 296 850 308 863 321 871 338 875 354 875 371 875 388 867 400 854L696 533Z\"><\/path><\/svg>\t\t\t\t\t<\/div>\n\t\t\t\t\n\t\t\t\t\t\t\t\t\t<div class=\"swiper-pagination\"><\/div>\n\t\t\t\t\t\t\t\t\t<\/div>\n\t\t\t\t\t\t<\/div>\n\t\t\t\t<\/div>\n\t\t\t\t\t<\/div>\n\t\t<\/div>\n\t\t\t\t\t<\/div>\n\t\t<\/section>\n\t\t\t\t<section class=\"elementor-section elementor-top-section elementor-element elementor-element-7542a97 elementor-section-boxed elementor-section-height-default elementor-section-height-default\" data-id=\"7542a97\" data-element_type=\"section\">\n\t\t\t\t\t\t<div class=\"elementor-container elementor-column-gap-default\">\n\t\t\t\t\t<div class=\"elementor-column elementor-col-100 elementor-top-column elementor-element elementor-element-052ab10\" data-id=\"052ab10\" data-element_type=\"column\">\n\t\t\t<div class=\"elementor-widget-wrap elementor-element-populated\">\n\t\t\t\t\t\t<div class=\"elementor-element elementor-element-1a9abf9 elementor-widget elementor-widget-heading\" data-id=\"1a9abf9\" data-element_type=\"widget\" data-widget_type=\"heading.default\">\n\t\t\t\t<div class=\"elementor-widget-container\">\n\t\t\t\t\t<div class=\"elementor-heading-title elementor-size-default\">Najcz\u0119\u015bciej zadawane pytania dot. ksi\u0119gowej w Warszawie<\/div>\t\t\t\t<\/div>\n\t\t\t\t<\/div>\n\t\t\t\t<div class=\"elementor-element elementor-element-b9e511b elementor-widget elementor-widget-accordion\" data-id=\"b9e511b\" data-element_type=\"widget\" data-widget_type=\"accordion.default\">\n\t\t\t\t<div class=\"elementor-widget-container\">\n\t\t\t\t\t\t\t<div class=\"elementor-accordion\">\n\t\t\t\t\t\t\t<div class=\"elementor-accordion-item\">\n\t\t\t\t\t<div id=\"elementor-tab-title-1941\" class=\"elementor-tab-title\" data-tab=\"1\" role=\"button\" aria-controls=\"elementor-tab-content-1941\" aria-expanded=\"false\">\n\t\t\t\t\t\t\t\t\t\t\t\t\t<span class=\"elementor-accordion-icon elementor-accordion-icon-left\" aria-hidden=\"true\">\n\t\t\t\t\t\t\t\t\t\t\t\t\t\t\t<span class=\"elementor-accordion-icon-closed\"><svg class=\"e-font-icon-svg e-fas-plus\" viewBox=\"0 0 448 512\" xmlns=\"http:\/\/www.w3.org\/2000\/svg\"><path d=\"M416 208H272V64c0-17.67-14.33-32-32-32h-32c-17.67 0-32 14.33-32 32v144H32c-17.67 0-32 14.33-32 32v32c0 17.67 14.33 32 32 32h144v144c0 17.67 14.33 32 32 32h32c17.67 0 32-14.33 32-32V304h144c17.67 0 32-14.33 32-32v-32c0-17.67-14.33-32-32-32z\"><\/path><\/svg><\/span>\n\t\t\t\t\t\t\t\t<span class=\"elementor-accordion-icon-opened\"><svg class=\"e-font-icon-svg e-fas-minus\" viewBox=\"0 0 448 512\" xmlns=\"http:\/\/www.w3.org\/2000\/svg\"><path d=\"M416 208H32c-17.67 0-32 14.33-32 32v32c0 17.67 14.33 32 32 32h384c17.67 0 32-14.33 32-32v-32c0-17.67-14.33-32-32-32z\"><\/path><\/svg><\/span>\n\t\t\t\t\t\t\t\t\t\t\t\t\t\t<\/span>\n\t\t\t\t\t\t\t\t\t\t\t\t<a class=\"elementor-accordion-title\" tabindex=\"0\">Ile kosztuje obs\u0142uga ksi\u0119gowa w Warszawie?<\/a>\n\t\t\t\t\t<\/div>\n\t\t\t\t\t<div id=\"elementor-tab-content-1941\" class=\"elementor-tab-content elementor-clearfix\" data-tab=\"1\" role=\"region\" aria-labelledby=\"elementor-tab-title-1941\"><p>Koszt ksi\u0119gowej jest zale\u017cny od rodzaju, formy rozliczenia, ilo\u015bci faktur i wielu innych czynnik\u00f3w. Ka\u017cdy klient, kt\u00f3ry zg\u0142osi si\u0119 do Akwadrat otrzyma indywidualn\u0105 wycen\u0119.<\/p><\/div>\n\t\t\t\t<\/div>\n\t\t\t\t\t\t\t<div class=\"elementor-accordion-item\">\n\t\t\t\t\t<div id=\"elementor-tab-title-1942\" class=\"elementor-tab-title\" data-tab=\"2\" role=\"button\" aria-controls=\"elementor-tab-content-1942\" aria-expanded=\"false\">\n\t\t\t\t\t\t\t\t\t\t\t\t\t<span class=\"elementor-accordion-icon elementor-accordion-icon-left\" aria-hidden=\"true\">\n\t\t\t\t\t\t\t\t\t\t\t\t\t\t\t<span class=\"elementor-accordion-icon-closed\"><svg class=\"e-font-icon-svg e-fas-plus\" viewBox=\"0 0 448 512\" xmlns=\"http:\/\/www.w3.org\/2000\/svg\"><path d=\"M416 208H272V64c0-17.67-14.33-32-32-32h-32c-17.67 0-32 14.33-32 32v144H32c-17.67 0-32 14.33-32 32v32c0 17.67 14.33 32 32 32h144v144c0 17.67 14.33 32 32 32h32c17.67 0 32-14.33 32-32V304h144c17.67 0 32-14.33 32-32v-32c0-17.67-14.33-32-32-32z\"><\/path><\/svg><\/span>\n\t\t\t\t\t\t\t\t<span class=\"elementor-accordion-icon-opened\"><svg class=\"e-font-icon-svg e-fas-minus\" viewBox=\"0 0 448 512\" xmlns=\"http:\/\/www.w3.org\/2000\/svg\"><path d=\"M416 208H32c-17.67 0-32 14.33-32 32v32c0 17.67 14.33 32 32 32h384c17.67 0 32-14.33 32-32v-32c0-17.67-14.33-32-32-32z\"><\/path><\/svg><\/span>\n\t\t\t\t\t\t\t\t\t\t\t\t\t\t<\/span>\n\t\t\t\t\t\t\t\t\t\t\t\t<a class=\"elementor-accordion-title\" tabindex=\"0\">Jaki jest limit faktur przychodowych?<\/a>\n\t\t\t\t\t<\/div>\n\t\t\t\t\t<div id=\"elementor-tab-content-1942\" class=\"elementor-tab-content elementor-clearfix\" data-tab=\"2\" role=\"region\" aria-labelledby=\"elementor-tab-title-1942\"><p>Zastan\u00f3w si\u0119, ile faktur miesi\u0119cznie planujesz wystawia\u0107 klientom. Przedstawimy indywidualn\u0105 wycen\u0119.<\/p><\/div>\n\t\t\t\t<\/div>\n\t\t\t\t\t\t\t<div class=\"elementor-accordion-item\">\n\t\t\t\t\t<div id=\"elementor-tab-title-1943\" class=\"elementor-tab-title\" data-tab=\"3\" role=\"button\" aria-controls=\"elementor-tab-content-1943\" aria-expanded=\"false\">\n\t\t\t\t\t\t\t\t\t\t\t\t\t<span class=\"elementor-accordion-icon elementor-accordion-icon-left\" aria-hidden=\"true\">\n\t\t\t\t\t\t\t\t\t\t\t\t\t\t\t<span class=\"elementor-accordion-icon-closed\"><svg class=\"e-font-icon-svg e-fas-plus\" viewBox=\"0 0 448 512\" xmlns=\"http:\/\/www.w3.org\/2000\/svg\"><path d=\"M416 208H272V64c0-17.67-14.33-32-32-32h-32c-17.67 0-32 14.33-32 32v144H32c-17.67 0-32 14.33-32 32v32c0 17.67 14.33 32 32 32h144v144c0 17.67 14.33 32 32 32h32c17.67 0 32-14.33 32-32V304h144c17.67 0 32-14.33 32-32v-32c0-17.67-14.33-32-32-32z\"><\/path><\/svg><\/span>\n\t\t\t\t\t\t\t\t<span class=\"elementor-accordion-icon-opened\"><svg class=\"e-font-icon-svg e-fas-minus\" viewBox=\"0 0 448 512\" xmlns=\"http:\/\/www.w3.org\/2000\/svg\"><path d=\"M416 208H32c-17.67 0-32 14.33-32 32v32c0 17.67 14.33 32 32 32h384c17.67 0 32-14.33 32-32v-32c0-17.67-14.33-32-32-32z\"><\/path><\/svg><\/span>\n\t\t\t\t\t\t\t\t\t\t\t\t\t\t<\/span>\n\t\t\t\t\t\t\t\t\t\t\t\t<a class=\"elementor-accordion-title\" tabindex=\"0\">Jaki jest miesi\u0119czny limit faktur kosztowych?<\/a>\n\t\t\t\t\t<\/div>\n\t\t\t\t\t<div id=\"elementor-tab-content-1943\" class=\"elementor-tab-content elementor-clearfix\" data-tab=\"3\" role=\"region\" aria-labelledby=\"elementor-tab-title-1943\"><p>Warto wst\u0119pnie obliczy\u0107, ile mo\u017cemy mie\u0107 faktur miesi\u0119cznie i pod tym k\u0105tem wybra\u0107 odpowiedni\u0105 form\u0119 rozliczenia.<\/p><\/div>\n\t\t\t\t<\/div>\n\t\t\t\t\t\t\t<div class=\"elementor-accordion-item\">\n\t\t\t\t\t<div id=\"elementor-tab-title-1944\" class=\"elementor-tab-title\" data-tab=\"4\" role=\"button\" aria-controls=\"elementor-tab-content-1944\" aria-expanded=\"false\">\n\t\t\t\t\t\t\t\t\t\t\t\t\t<span class=\"elementor-accordion-icon elementor-accordion-icon-left\" aria-hidden=\"true\">\n\t\t\t\t\t\t\t\t\t\t\t\t\t\t\t<span class=\"elementor-accordion-icon-closed\"><svg class=\"e-font-icon-svg e-fas-plus\" viewBox=\"0 0 448 512\" xmlns=\"http:\/\/www.w3.org\/2000\/svg\"><path d=\"M416 208H272V64c0-17.67-14.33-32-32-32h-32c-17.67 0-32 14.33-32 32v144H32c-17.67 0-32 14.33-32 32v32c0 17.67 14.33 32 32 32h144v144c0 17.67 14.33 32 32 32h32c17.67 0 32-14.33 32-32V304h144c17.67 0 32-14.33 32-32v-32c0-17.67-14.33-32-32-32z\"><\/path><\/svg><\/span>\n\t\t\t\t\t\t\t\t<span class=\"elementor-accordion-icon-opened\"><svg class=\"e-font-icon-svg e-fas-minus\" viewBox=\"0 0 448 512\" xmlns=\"http:\/\/www.w3.org\/2000\/svg\"><path d=\"M416 208H32c-17.67 0-32 14.33-32 32v32c0 17.67 14.33 32 32 32h384c17.67 0 32-14.33 32-32v-32c0-17.67-14.33-32-32-32z\"><\/path><\/svg><\/span>\n\t\t\t\t\t\t\t\t\t\t\t\t\t\t<\/span>\n\t\t\t\t\t\t\t\t\t\t\t\t<a class=\"elementor-accordion-title\" tabindex=\"0\">Kto przechowuje orygina\u0142y faktur?<\/a>\n\t\t\t\t\t<\/div>\n\t\t\t\t\t<div id=\"elementor-tab-content-1944\" class=\"elementor-tab-content elementor-clearfix\" data-tab=\"4\" role=\"region\" aria-labelledby=\"elementor-tab-title-1944\"><p>Ka\u017cda wprowadzona do Ksi\u0119gi Przychod\u00f3w i Rozchod\u00f3w (KPiR) oraz ksi\u0105g handlowych faktura musi by\u0107 archiwizowana na wypadek kontroli z Urz\u0119du Skarbowego. Powinna by\u0107 przechowywana przez 5 lat, podobnie jak wystawiane faktury oraz potwierdzenia p\u0142atno\u015bci podatk\u00f3w (sk\u0142adki ZUS, PIT i ew VAT). Ponadto w CEIDG nale\u017cy doda\u0107 informacj\u0119 pod jakim adresem przechowywane s\u0105 orygina\u0142y faktur.<\/p><\/div>\n\t\t\t\t<\/div>\n\t\t\t\t\t\t\t<div class=\"elementor-accordion-item\">\n\t\t\t\t\t<div id=\"elementor-tab-title-1945\" class=\"elementor-tab-title\" data-tab=\"5\" role=\"button\" aria-controls=\"elementor-tab-content-1945\" aria-expanded=\"false\">\n\t\t\t\t\t\t\t\t\t\t\t\t\t<span class=\"elementor-accordion-icon elementor-accordion-icon-left\" aria-hidden=\"true\">\n\t\t\t\t\t\t\t\t\t\t\t\t\t\t\t<span class=\"elementor-accordion-icon-closed\"><svg class=\"e-font-icon-svg e-fas-plus\" viewBox=\"0 0 448 512\" xmlns=\"http:\/\/www.w3.org\/2000\/svg\"><path d=\"M416 208H272V64c0-17.67-14.33-32-32-32h-32c-17.67 0-32 14.33-32 32v144H32c-17.67 0-32 14.33-32 32v32c0 17.67 14.33 32 32 32h144v144c0 17.67 14.33 32 32 32h32c17.67 0 32-14.33 32-32V304h144c17.67 0 32-14.33 32-32v-32c0-17.67-14.33-32-32-32z\"><\/path><\/svg><\/span>\n\t\t\t\t\t\t\t\t<span class=\"elementor-accordion-icon-opened\"><svg class=\"e-font-icon-svg e-fas-minus\" viewBox=\"0 0 448 512\" xmlns=\"http:\/\/www.w3.org\/2000\/svg\"><path d=\"M416 208H32c-17.67 0-32 14.33-32 32v32c0 17.67 14.33 32 32 32h384c17.67 0 32-14.33 32-32v-32c0-17.67-14.33-32-32-32z\"><\/path><\/svg><\/span>\n\t\t\t\t\t\t\t\t\t\t\t\t\t\t<\/span>\n\t\t\t\t\t\t\t\t\t\t\t\t<a class=\"elementor-accordion-title\" tabindex=\"0\">Jak dostarczamy faktury ksi\u0119gowej?<\/a>\n\t\t\t\t\t<\/div>\n\t\t\t\t\t<div id=\"elementor-tab-content-1945\" class=\"elementor-tab-content elementor-clearfix\" data-tab=\"5\" role=\"region\" aria-labelledby=\"elementor-tab-title-1945\"><p>Je\u015bli ksi\u0119gowa chce mie\u0107 orygina\u0142y faktur u siebie, musimy doliczy\u0107 miesi\u0119cznie nasz czas na dostarczenie ich do biura rachunkowego. Z wygody i szybko\u015bci dzia\u0142ania wiele biur woli przechowywa\u0107 zeskanowane kopie faktur, kt\u00f3re klient dostarcza bez wychodzenia z domu. Do dyspozycji mamy systemy online i e-maile. Zastan\u00f3w si\u0119, czy wolisz je\u017adzi\u0107 co miesi\u0105c do ksi\u0119gowej, czy lepiej wys\u0142a\u0107 mu faktur\u0119 inn\u0105 drog\u0105.<\/p><\/div>\n\t\t\t\t<\/div>\n\t\t\t\t\t\t\t\t\t\t<script type=\"application\/ld+json\">{\"@context\":\"https:\\\/\\\/schema.org\",\"@type\":\"FAQPage\",\"mainEntity\":[{\"@type\":\"Question\",\"name\":\"Ile kosztuje obs\\u0142uga ksi\\u0119gowa w Warszawie?\",\"acceptedAnswer\":{\"@type\":\"Answer\",\"text\":\"<p>Koszt ksi\\u0119gowej jest zale\\u017cny od rodzaju, formy rozliczenia, ilo\\u015bci faktur i wielu innych czynnik\\u00f3w. Ka\\u017cdy klient, kt\\u00f3ry zg\\u0142osi si\\u0119 do Akwadrat otrzyma indywidualn\\u0105 wycen\\u0119.<\\\/p>\"}},{\"@type\":\"Question\",\"name\":\"Jaki jest limit faktur przychodowych?\",\"acceptedAnswer\":{\"@type\":\"Answer\",\"text\":\"<p>Zastan\\u00f3w si\\u0119, ile faktur miesi\\u0119cznie planujesz wystawia\\u0107 klientom. Przedstawimy indywidualn\\u0105 wycen\\u0119.<\\\/p>\"}},{\"@type\":\"Question\",\"name\":\"Jaki jest miesi\\u0119czny limit faktur kosztowych?\",\"acceptedAnswer\":{\"@type\":\"Answer\",\"text\":\"<p>Warto wst\\u0119pnie obliczy\\u0107, ile mo\\u017cemy mie\\u0107 faktur miesi\\u0119cznie i pod tym k\\u0105tem wybra\\u0107 odpowiedni\\u0105 form\\u0119 rozliczenia.<\\\/p>\"}},{\"@type\":\"Question\",\"name\":\"Kto przechowuje orygina\\u0142y faktur?\",\"acceptedAnswer\":{\"@type\":\"Answer\",\"text\":\"<p>Ka\\u017cda wprowadzona do Ksi\\u0119gi Przychod\\u00f3w i Rozchod\\u00f3w (KPiR) oraz ksi\\u0105g handlowych faktura musi by\\u0107 archiwizowana na wypadek kontroli z Urz\\u0119du Skarbowego. Powinna by\\u0107 przechowywana przez 5 lat, podobnie jak wystawiane faktury oraz potwierdzenia p\\u0142atno\\u015bci podatk\\u00f3w (sk\\u0142adki ZUS, PIT i ew VAT). Ponadto w CEIDG nale\\u017cy doda\\u0107 informacj\\u0119 pod jakim adresem przechowywane s\\u0105 orygina\\u0142y faktur.<\\\/p>\"}},{\"@type\":\"Question\",\"name\":\"Jak dostarczamy faktury ksi\\u0119gowej?\",\"acceptedAnswer\":{\"@type\":\"Answer\",\"text\":\"<p>Je\\u015bli ksi\\u0119gowa chce mie\\u0107 orygina\\u0142y faktur u siebie, musimy doliczy\\u0107 miesi\\u0119cznie nasz czas na dostarczenie ich do biura rachunkowego. Z wygody i szybko\\u015bci dzia\\u0142ania wiele biur woli przechowywa\\u0107 zeskanowane kopie faktur, kt\\u00f3re klient dostarcza bez wychodzenia z domu. Do dyspozycji mamy systemy online i e-maile. Zastan\\u00f3w si\\u0119, czy wolisz je\\u017adzi\\u0107 co miesi\\u0105c do ksi\\u0119gowej, czy lepiej wys\\u0142a\\u0107 mu faktur\\u0119 inn\\u0105 drog\\u0105.<\\\/p>\"}}]}<\/script>\n\t\t\t\t\t<\/div>\n\t\t\t\t\t\t<\/div>\n\t\t\t\t<\/div>\n\t\t\t\t\t<\/div>\n\t\t<\/div>\n\t\t\t\t\t<\/div>\n\t\t<\/section>\n\t\t\t\t<\/div>\n\t\t","protected":false},"excerpt":{"rendered":"<p>Ksi\u0119gowa Warszawa Targ\u00f3wek Nasi ksi\u0119gowi maj\u0105 doskona\u0142y warsztat zawodowy, a dzi\u0119ki doskonaleniu swoich umiej\u0119tno\u015bci z pewno\u015bci\u0105 profesjonalnie zajm\u0105 si\u0119 obs\u0142ug\u0105 Pa\u0144stwa firmy. Zesp\u00f3\u0142 Akwadrat szkoli si\u0119 w najlepszych o\u015brodkach szkoleniowych oraz na bie\u017c\u0105co \u015bledzi wszystkie zmiany uregulowa\u0144 w Polsce na obszarze rachunkowym. Przedsi\u0119biorcy, kt\u00f3rzy przekazali nam swoje sprawy ksi\u0119gowe i kadrowe oszcz\u0119dzaj\u0105 czas, skupiaj\u0105c si\u0119 [&hellip;]<\/p>\n","protected":false},"author":3,"featured_media":5974,"parent":0,"menu_order":0,"comment_status":"closed","ping_status":"closed","template":"elementor_header_footer","meta":{"footnotes":""},"class_list":["post-3578","page","type-page","status-publish","has-post-thumbnail","hentry"],"blocksy_meta":[],"_links":{"self":[{"href":"https:\/\/www.akwadrat.info.pl\/pl\/wp-json\/wp\/v2\/pages\/3578","targetHints":{"allow":["GET"]}}],"collection":[{"href":"https:\/\/www.akwadrat.info.pl\/pl\/wp-json\/wp\/v2\/pages"}],"about":[{"href":"https:\/\/www.akwadrat.info.pl\/pl\/wp-json\/wp\/v2\/types\/page"}],"author":[{"embeddable":true,"href":"https:\/\/www.akwadrat.info.pl\/pl\/wp-json\/wp\/v2\/users\/3"}],"replies":[{"embeddable":true,"href":"https:\/\/www.akwadrat.info.pl\/pl\/wp-json\/wp\/v2\/comments?post=3578"}],"version-history":[{"count":11,"href":"https:\/\/www.akwadrat.info.pl\/pl\/wp-json\/wp\/v2\/pages\/3578\/revisions"}],"predecessor-version":[{"id":6209,"href":"https:\/\/www.akwadrat.info.pl\/pl\/wp-json\/wp\/v2\/pages\/3578\/revisions\/6209"}],"wp:featuredmedia":[{"embeddable":true,"href":"https:\/\/www.akwadrat.info.pl\/pl\/wp-json\/wp\/v2\/media\/5974"}],"wp:attachment":[{"href":"https:\/\/www.akwadrat.info.pl\/pl\/wp-json\/wp\/v2\/media?parent=3578"}],"curies":[{"name":"wp","href":"https:\/\/api.w.org\/{rel}","templated":true}]}}