{"id":3142,"date":"2024-05-08T11:54:17","date_gmt":"2024-05-08T10:54:17","guid":{"rendered":"https:\/\/akwdev.proop.pl\/?page_id=3142"},"modified":"2025-09-22T02:03:15","modified_gmt":"2025-09-22T00:03:15","slug":"praca-ksiegowosc","status":"publish","type":"page","link":"https:\/\/www.akwadrat.info.pl\/pl\/praca-ksiegowosc\/","title":{"rendered":"Praca"},"content":{"rendered":"\t\t<div data-elementor-type=\"wp-page\" data-elementor-id=\"3142\" class=\"elementor elementor-3142\" data-elementor-post-type=\"page\">\n\t\t\t\t<div class=\"elementor-element elementor-element-3554931 e-flex e-con-boxed e-con e-parent\" data-id=\"3554931\" data-element_type=\"container\" data-settings=\"{&quot;background_background&quot;:&quot;classic&quot;}\">\n\t\t\t\t\t<div class=\"e-con-inner\">\n\t\t<div class=\"elementor-element elementor-element-05b9905 e-con-full e-flex e-con e-child\" data-id=\"05b9905\" data-element_type=\"container\">\n\t\t\t\t<div class=\"elementor-element elementor-element-8e3ee9e elementor-widget elementor-widget-heading\" data-id=\"8e3ee9e\" data-element_type=\"widget\" data-widget_type=\"heading.default\">\n\t\t\t\t<div class=\"elementor-widget-container\">\n\t\t\t\t\t<h3 class=\"elementor-heading-title elementor-size-default\">pracuj z nami<\/h3>\t\t\t\t<\/div>\n\t\t\t\t<\/div>\n\t\t\t\t<div class=\"elementor-element elementor-element-72a9b7f elementor-widget elementor-widget-heading\" data-id=\"72a9b7f\" data-element_type=\"widget\" data-settings=\"{&quot;motion_fx_motion_fx_scrolling&quot;:&quot;yes&quot;,&quot;motion_fx_translateY_effect&quot;:&quot;yes&quot;,&quot;motion_fx_translateY_speed&quot;:{&quot;unit&quot;:&quot;px&quot;,&quot;size&quot;:&quot;0.5&quot;,&quot;sizes&quot;:[]},&quot;motion_fx_translateY_affectedRange&quot;:{&quot;unit&quot;:&quot;%&quot;,&quot;size&quot;:&quot;&quot;,&quot;sizes&quot;:{&quot;start&quot;:&quot;0&quot;,&quot;end&quot;:&quot;50&quot;}},&quot;motion_fx_opacity_effect&quot;:&quot;yes&quot;,&quot;motion_fx_opacity_range&quot;:{&quot;unit&quot;:&quot;%&quot;,&quot;size&quot;:&quot;&quot;,&quot;sizes&quot;:{&quot;start&quot;:&quot;0&quot;,&quot;end&quot;:&quot;50&quot;}},&quot;motion_fx_devices&quot;:[&quot;desktop&quot;,&quot;mobile&quot;],&quot;motion_fx_opacity_direction&quot;:&quot;out-in&quot;,&quot;motion_fx_opacity_level&quot;:{&quot;unit&quot;:&quot;px&quot;,&quot;size&quot;:10,&quot;sizes&quot;:[]}}\" data-widget_type=\"heading.default\">\n\t\t\t\t<div class=\"elementor-widget-container\">\n\t\t\t\t\t<h2 class=\"elementor-heading-title elementor-size-default\">Do\u0142\u0105cz do Zespo\u0142u Akwadrat! lidera w bran\u017cy ksi\u0119gowej<\/h2>\t\t\t\t<\/div>\n\t\t\t\t<\/div>\n\t\t\t\t<div class=\"elementor-element elementor-element-1cf77dc elementor-widget elementor-widget-text-editor\" data-id=\"1cf77dc\" data-element_type=\"widget\" data-widget_type=\"text-editor.default\">\n\t\t\t\t<div class=\"elementor-widget-container\">\n\t\t\t\t\t\t\t\t\t<div class=\"elementor-element elementor-element-362c3a2d elementor-widget elementor-widget-text-editor\" data-id=\"362c3a2d\" data-element_type=\"widget\" data-widget_type=\"text-editor.default\"><div class=\"elementor-widget-container\"><div class=\"elementor-element elementor-element-d058064 elementor-widget elementor-widget-text-editor\" data-id=\"d058064\" data-element_type=\"widget\" data-widget_type=\"text-editor.default\"><div class=\"elementor-widget-container\"><p>W Akwadrat Sp. z o.o., cenimy do\u015bwiadczonych i samodzielnych ksi\u0119gowych, gotowych na nowe wyzwania. Oferujemy nie tylko prac\u0119, ale mo\u017cliwo\u015b\u0107 rozwoju w przyjaznym i profesjonalnym \u015brodowisku.<\/p><p><strong>Twoje g\u0142\u00f3wne zadania:<\/strong><\/p><ul><li>Dok\u0142adna i terminowa obs\u0142uga ksi\u0105g handlowych.<\/li><li>Kompetentna obs\u0142uga ksi\u0119gowa KPIR dla ma\u0142ych i \u015brednich przedsi\u0119biorstw.<\/li><li>Wsp\u00f3\u0142praca z zespo\u0142em i zapewnianie wsparcia klientom.<\/li><\/ul><p><strong>Wymagania:<\/strong><\/p><ul><li>Do\u015bwiadczenie w prowadzeniu ksi\u0105g handlowych.<\/li><li>Znajomo\u015b\u0107 zasad rachunkowo\u015bci i przepis\u00f3w podatkowych.<\/li><li>Umiej\u0119tno\u015b\u0107 zarz\u0105dzania z\u0142o\u017conymi zadaniami ksi\u0119gowymi.<\/li><li>Bieg\u0142a znajomo\u015b\u0107 programu Optima.<\/li><li>Samodzielno\u015b\u0107, rzetelno\u015b\u0107 i terminowo\u015b\u0107.<\/li><\/ul><p><strong>Co oferujemy:<\/strong><\/p><ul><li>Prac\u0119 w nowoczesnym i dynamicznym zespole.<\/li><li>Mo\u017cliwo\u015b\u0107 rozwoju zawodowego i osobistego.<\/li><li>Dost\u0119p do najnowocze\u015bniejszych narz\u0119dzi i technologii.<\/li><li>Atrakcyjne wynagrodzenie.<\/li><li>Przyjazn\u0105 atmosfer\u0119 pracy.<\/li><\/ul><p><strong>Je\u015bli jeste\u015b samodzieln\u0105 ksi\u0119gow\u0105\/ksi\u0119gowym z pasj\u0105 i zaanga\u017cowaniem, poszukuj\u0105c\u0105\/pragn\u0105cym pracy, kt\u00f3ra jest wi\u0119cej ni\u017c tylko zaj\u0119ciem, zapraszamy do aplikowania!<\/strong><\/p><p>Wy\u015blij swoje CV na adres: <a href=\"mailto:ak@akwadrat.info.pl\">ak@akwadrat.info.pl<\/a>. Do\u0142\u0105cz do naszego biura rachunkowego i kontynuuj swoj\u0105 karier\u0119 z nami!<\/p><\/div><\/div><\/div><\/div>\t\t\t\t\t\t\t\t<\/div>\n\t\t\t\t<\/div>\n\t\t\t\t<div class=\"elementor-element elementor-element-71e5823 elementor-mobile-align-center elementor-widget elementor-widget-button\" data-id=\"71e5823\" data-element_type=\"widget\" data-widget_type=\"button.default\">\n\t\t\t\t<div class=\"elementor-widget-container\">\n\t\t\t\t\t\t\t\t\t<div class=\"elementor-button-wrapper\">\n\t\t\t\t\t<a class=\"elementor-button elementor-button-link elementor-size-md\" href=\"https:\/\/calendly.com\/agnieszka-kopylowska\" target=\"_blank\" rel=\"noopener\">\n\t\t\t\t\t\t<span class=\"elementor-button-content-wrapper\">\n\t\t\t\t\t\t<span class=\"elementor-button-icon\">\n\t\t\t\t<svg aria-hidden=\"true\" class=\"e-font-icon-svg e-fas-arrow-right\" viewBox=\"0 0 448 512\" xmlns=\"http:\/\/www.w3.org\/2000\/svg\"><path d=\"M190.5 66.9l22.2-22.2c9.4-9.4 24.6-9.4 33.9 0L441 239c9.4 9.4 9.4 24.6 0 33.9L246.6 467.3c-9.4 9.4-24.6 9.4-33.9 0l-22.2-22.2c-9.5-9.5-9.3-25 .4-34.3L311.4 296H24c-13.3 0-24-10.7-24-24v-32c0-13.3 10.7-24 24-24h287.4L190.9 101.2c-9.8-9.3-10-24.8-.4-34.3z\"><\/path><\/svg>\t\t\t<\/span>\n\t\t\t\t\t\t\t\t\t<span class=\"elementor-button-text\">Porozmawiaj z nami<\/span>\n\t\t\t\t\t<\/span>\n\t\t\t\t\t<\/a>\n\t\t\t\t<\/div>\n\t\t\t\t\t\t\t\t<\/div>\n\t\t\t\t<\/div>\n\t\t\t\t<\/div>\n\t\t<div class=\"elementor-element elementor-element-fb25812 e-con-full e-flex e-con e-child\" data-id=\"fb25812\" data-element_type=\"container\">\n\t\t\t\t<div class=\"elementor-element elementor-element-b10c127 elementor-widget elementor-widget-image\" data-id=\"b10c127\" data-element_type=\"widget\" data-settings=\"{&quot;motion_fx_translateY_effect&quot;:&quot;yes&quot;,&quot;motion_fx_translateY_direction&quot;:&quot;negative&quot;,&quot;motion_fx_translateY_speed&quot;:{&quot;unit&quot;:&quot;px&quot;,&quot;size&quot;:&quot;1&quot;,&quot;sizes&quot;:[]},&quot;motion_fx_motion_fx_scrolling&quot;:&quot;yes&quot;,&quot;motion_fx_translateY_affectedRange&quot;:{&quot;unit&quot;:&quot;%&quot;,&quot;size&quot;:&quot;&quot;,&quot;sizes&quot;:{&quot;start&quot;:0,&quot;end&quot;:100}},&quot;motion_fx_devices&quot;:[&quot;desktop&quot;,&quot;tablet&quot;,&quot;mobile&quot;]}\" data-widget_type=\"image.default\">\n\t\t\t\t<div class=\"elementor-widget-container\">\n\t\t\t\t\t\t\t\t\t\t\t\t\t\t\t<img fetchpriority=\"high\" decoding=\"async\" width=\"683\" height=\"1024\" src=\"https:\/\/www.akwadrat.info.pl\/wp-content\/uploads\/2025\/09\/zespol-ksiegowych-akwadrat-warszawa-2025-2-683x1024.jpg\" class=\"attachment-large size-large wp-image-5974\" alt=\"Zesp\u00f3\u0142 ksi\u0119gowych Biura Rachunkowego Akwadrat w Warszawie, dzielnica Targ\u00f3wek \u2013 zdj\u0119cie we wn\u0119trzu biura\" srcset=\"https:\/\/www.akwadrat.info.pl\/wp-content\/uploads\/2025\/09\/zespol-ksiegowych-akwadrat-warszawa-2025-2-683x1024.jpg 683w, https:\/\/www.akwadrat.info.pl\/wp-content\/uploads\/2025\/09\/zespol-ksiegowych-akwadrat-warszawa-2025-2-200x300.jpg 200w, https:\/\/www.akwadrat.info.pl\/wp-content\/uploads\/2025\/09\/zespol-ksiegowych-akwadrat-warszawa-2025-2-768x1152.jpg 768w, https:\/\/www.akwadrat.info.pl\/wp-content\/uploads\/2025\/09\/zespol-ksiegowych-akwadrat-warszawa-2025-2-1024x1536.jpg 1024w, https:\/\/www.akwadrat.info.pl\/wp-content\/uploads\/2025\/09\/zespol-ksiegowych-akwadrat-warszawa-2025-2-1365x2048.jpg 1365w, https:\/\/www.akwadrat.info.pl\/wp-content\/uploads\/2025\/09\/zespol-ksiegowych-akwadrat-warszawa-2025-2-scaled.jpg 1707w\" sizes=\"(max-width: 683px) 100vw, 683px\" \/>\t\t\t\t\t\t\t\t\t\t\t\t\t\t\t<\/div>\n\t\t\t\t<\/div>\n\t\t\t\t<\/div>\n\t\t\t\t\t<\/div>\n\t\t\t\t<\/div>\n\t\t<div class=\"elementor-element elementor-element-6549b85 e-flex e-con-boxed e-con e-parent\" data-id=\"6549b85\" data-element_type=\"container\" data-settings=\"{&quot;background_background&quot;:&quot;gradient&quot;,&quot;shape_divider_top&quot;:&quot;waves&quot;}\">\n\t\t\t\t\t<div class=\"e-con-inner\">\n\t\t\t\t<div class=\"elementor-shape elementor-shape-top\" aria-hidden=\"true\" data-negative=\"false\">\n\t\t\t<svg xmlns=\"http:\/\/www.w3.org\/2000\/svg\" viewBox=\"0 0 1000 100\" preserveAspectRatio=\"none\">\n\t<path class=\"elementor-shape-fill\" d=\"M421.9,6.5c22.6-2.5,51.5,0.4,75.5,5.3c23.6,4.9,70.9,23.5,100.5,35.7c75.8,32.2,133.7,44.5,192.6,49.7\n\tc23.6,2.1,48.7,3.5,103.4-2.5c54.7-6,106.2-25.6,106.2-25.6V0H0v30.3c0,0,72,32.6,158.4,30.5c39.2-0.7,92.8-6.7,134-22.4\n\tc21.2-8.1,52.2-18.2,79.7-24.2C399.3,7.9,411.6,7.5,421.9,6.5z\"\/>\n<\/svg>\t\t<\/div>\n\t\t<div class=\"elementor-element elementor-element-0867724 e-con-full e-flex e-con e-child\" data-id=\"0867724\" data-element_type=\"container\">\n\t\t\t\t<div class=\"elementor-element elementor-element-e42b88e elementor-widget elementor-widget-heading\" data-id=\"e42b88e\" data-element_type=\"widget\" data-widget_type=\"heading.default\">\n\t\t\t\t<div class=\"elementor-widget-container\">\n\t\t\t\t\t<h4 class=\"elementor-heading-title elementor-size-default\">Porozmawiaj z naszym ksi\u0119gowym<\/h4>\t\t\t\t<\/div>\n\t\t\t\t<\/div>\n\t\t\t\t<div class=\"elementor-element elementor-element-bd39a4a elementor-widget elementor-widget-heading\" data-id=\"bd39a4a\" data-element_type=\"widget\" data-widget_type=\"heading.default\">\n\t\t\t\t<div class=\"elementor-widget-container\">\n\t\t\t\t\t<p class=\"elementor-heading-title elementor-size-default\">Poznaj szczeg\u00f3\u0142y oferty dla twojej firmy<\/p>\t\t\t\t<\/div>\n\t\t\t\t<\/div>\n\t\t\t\t<div class=\"elementor-element elementor-element-d1d1191 elementor-mobile-align-center elementor-widget elementor-widget-button\" data-id=\"d1d1191\" data-element_type=\"widget\" data-widget_type=\"button.default\">\n\t\t\t\t<div class=\"elementor-widget-container\">\n\t\t\t\t\t\t\t\t\t<div class=\"elementor-button-wrapper\">\n\t\t\t\t\t<a class=\"elementor-button elementor-button-link elementor-size-md\" href=\"https:\/\/calendly.com\/agnieszka-kopylowska\" target=\"_blank\" rel=\"noopener\">\n\t\t\t\t\t\t<span class=\"elementor-button-content-wrapper\">\n\t\t\t\t\t\t<span class=\"elementor-button-icon\">\n\t\t\t\t<svg aria-hidden=\"true\" class=\"e-font-icon-svg e-fas-arrow-right\" viewBox=\"0 0 448 512\" xmlns=\"http:\/\/www.w3.org\/2000\/svg\"><path d=\"M190.5 66.9l22.2-22.2c9.4-9.4 24.6-9.4 33.9 0L441 239c9.4 9.4 9.4 24.6 0 33.9L246.6 467.3c-9.4 9.4-24.6 9.4-33.9 0l-22.2-22.2c-9.5-9.5-9.3-25 .4-34.3L311.4 296H24c-13.3 0-24-10.7-24-24v-32c0-13.3 10.7-24 24-24h287.4L190.9 101.2c-9.8-9.3-10-24.8-.4-34.3z\"><\/path><\/svg>\t\t\t<\/span>\n\t\t\t\t\t\t\t\t\t<span class=\"elementor-button-text\">bezp\u0142atna Konsultacja<\/span>\n\t\t\t\t\t<\/span>\n\t\t\t\t\t<\/a>\n\t\t\t\t<\/div>\n\t\t\t\t\t\t\t\t<\/div>\n\t\t\t\t<\/div>\n\t\t\t\t<\/div>\n\t\t<div class=\"elementor-element elementor-element-9fb8a5e e-con-full e-flex e-con e-child\" data-id=\"9fb8a5e\" data-element_type=\"container\">\n\t\t\t\t<div class=\"elementor-element elementor-element-0337172 elementor-widget elementor-widget-image\" data-id=\"0337172\" data-element_type=\"widget\" data-settings=\"{&quot;motion_fx_motion_fx_scrolling&quot;:&quot;yes&quot;,&quot;motion_fx_translateY_effect&quot;:&quot;yes&quot;,&quot;motion_fx_translateY_direction&quot;:&quot;negative&quot;,&quot;motion_fx_translateY_speed&quot;:{&quot;unit&quot;:&quot;px&quot;,&quot;size&quot;:&quot;1&quot;,&quot;sizes&quot;:[]},&quot;motion_fx_devices&quot;:[&quot;desktop&quot;,&quot;tablet&quot;],&quot;motion_fx_translateY_affectedRange&quot;:{&quot;unit&quot;:&quot;%&quot;,&quot;size&quot;:&quot;&quot;,&quot;sizes&quot;:{&quot;start&quot;:&quot;0&quot;,&quot;end&quot;:&quot;50&quot;}}}\" data-widget_type=\"image.default\">\n\t\t\t\t<div class=\"elementor-widget-container\">\n\t\t\t\t\t\t\t\t\t\t\t\t\t\t\t<img decoding=\"async\" width=\"768\" height=\"1152\" data-src=\"https:\/\/www.akwadrat.info.pl\/wp-content\/uploads\/2025\/09\/doswiadczony-zespol-ksiegowych-biuro-rachunkowe-akwadrat-warszawa-2025-768x1152.jpg\" class=\"attachment-medium_large size-medium_large wp-image-5911 lazyload\" alt=\"Trzyosobowy do\u015bwiadczony zesp\u00f3\u0142 ksi\u0119gowych Biura Rachunkowego Akwadrat w Warszawie\" data-srcset=\"https:\/\/www.akwadrat.info.pl\/wp-content\/uploads\/2025\/09\/doswiadczony-zespol-ksiegowych-biuro-rachunkowe-akwadrat-warszawa-2025-768x1152.jpg 768w, https:\/\/www.akwadrat.info.pl\/wp-content\/uploads\/2025\/09\/doswiadczony-zespol-ksiegowych-biuro-rachunkowe-akwadrat-warszawa-2025-200x300.jpg 200w, https:\/\/www.akwadrat.info.pl\/wp-content\/uploads\/2025\/09\/doswiadczony-zespol-ksiegowych-biuro-rachunkowe-akwadrat-warszawa-2025-683x1024.jpg 683w, https:\/\/www.akwadrat.info.pl\/wp-content\/uploads\/2025\/09\/doswiadczony-zespol-ksiegowych-biuro-rachunkowe-akwadrat-warszawa-2025-1024x1536.jpg 1024w, https:\/\/www.akwadrat.info.pl\/wp-content\/uploads\/2025\/09\/doswiadczony-zespol-ksiegowych-biuro-rachunkowe-akwadrat-warszawa-2025-1365x2048.jpg 1365w, https:\/\/www.akwadrat.info.pl\/wp-content\/uploads\/2025\/09\/doswiadczony-zespol-ksiegowych-biuro-rachunkowe-akwadrat-warszawa-2025-scaled.jpg 1707w\" data-sizes=\"(max-width: 768px) 100vw, 768px\" src=\"data:image\/svg+xml;base64,PHN2ZyB3aWR0aD0iMSIgaGVpZ2h0PSIxIiB4bWxucz0iaHR0cDovL3d3dy53My5vcmcvMjAwMC9zdmciPjwvc3ZnPg==\" style=\"--smush-placeholder-width: 768px; --smush-placeholder-aspect-ratio: 768\/1152;\" \/>\t\t\t\t\t\t\t\t\t\t\t\t\t\t\t<\/div>\n\t\t\t\t<\/div>\n\t\t\t\t<\/div>\n\t\t\t\t\t<\/div>\n\t\t\t\t<\/div>\n\t\t\t\t<\/div>\n\t\t","protected":false},"excerpt":{"rendered":"<p>pracuj z nami Do\u0142\u0105cz do Zespo\u0142u Akwadrat! lidera w bran\u017cy ksi\u0119gowej W Akwadrat Sp. z o.o., cenimy do\u015bwiadczonych i samodzielnych ksi\u0119gowych, gotowych na nowe wyzwania. Oferujemy nie tylko prac\u0119, ale mo\u017cliwo\u015b\u0107 rozwoju w przyjaznym i profesjonalnym \u015brodowisku. Twoje g\u0142\u00f3wne zadania: Dok\u0142adna i terminowa obs\u0142uga ksi\u0105g handlowych. Kompetentna obs\u0142uga ksi\u0119gowa KPIR dla ma\u0142ych i \u015brednich przedsi\u0119biorstw. [&hellip;]<\/p>\n","protected":false},"author":1,"featured_media":5974,"parent":0,"menu_order":0,"comment_status":"closed","ping_status":"closed","template":"elementor_header_footer","meta":{"footnotes":""},"class_list":["post-3142","page","type-page","status-publish","has-post-thumbnail","hentry"],"blocksy_meta":[],"_links":{"self":[{"href":"https:\/\/www.akwadrat.info.pl\/pl\/wp-json\/wp\/v2\/pages\/3142","targetHints":{"allow":["GET"]}}],"collection":[{"href":"https:\/\/www.akwadrat.info.pl\/pl\/wp-json\/wp\/v2\/pages"}],"about":[{"href":"https:\/\/www.akwadrat.info.pl\/pl\/wp-json\/wp\/v2\/types\/page"}],"author":[{"embeddable":true,"href":"https:\/\/www.akwadrat.info.pl\/pl\/wp-json\/wp\/v2\/users\/1"}],"replies":[{"embeddable":true,"href":"https:\/\/www.akwadrat.info.pl\/pl\/wp-json\/wp\/v2\/comments?post=3142"}],"version-history":[{"count":46,"href":"https:\/\/www.akwadrat.info.pl\/pl\/wp-json\/wp\/v2\/pages\/3142\/revisions"}],"predecessor-version":[{"id":6212,"href":"https:\/\/www.akwadrat.info.pl\/pl\/wp-json\/wp\/v2\/pages\/3142\/revisions\/6212"}],"wp:featuredmedia":[{"embeddable":true,"href":"https:\/\/www.akwadrat.info.pl\/pl\/wp-json\/wp\/v2\/media\/5974"}],"wp:attachment":[{"href":"https:\/\/www.akwadrat.info.pl\/pl\/wp-json\/wp\/v2\/media?parent=3142"}],"curies":[{"name":"wp","href":"https:\/\/api.w.org\/{rel}","templated":true}]}}