{"id":3120,"date":"2024-05-06T15:38:27","date_gmt":"2024-05-06T14:38:27","guid":{"rendered":"https:\/\/akwdev.proop.pl\/?page_id=3120"},"modified":"2025-09-29T00:45:08","modified_gmt":"2025-09-28T22:45:08","slug":"uprawnienia-i-referencje","status":"publish","type":"page","link":"https:\/\/www.akwadrat.info.pl\/pl\/uprawnienia-i-referencje\/","title":{"rendered":"Uprawnienia i referencje"},"content":{"rendered":"\t\t<div data-elementor-type=\"wp-page\" data-elementor-id=\"3120\" class=\"elementor elementor-3120\" data-elementor-post-type=\"page\">\n\t\t\t\t<div class=\"elementor-element elementor-element-3554931 e-flex e-con-boxed e-con e-parent\" data-id=\"3554931\" data-element_type=\"container\" data-settings=\"{&quot;background_background&quot;:&quot;classic&quot;}\">\n\t\t\t\t\t<div class=\"e-con-inner\">\n\t\t<div class=\"elementor-element elementor-element-05b9905 e-con-full e-flex e-con e-child\" data-id=\"05b9905\" data-element_type=\"container\">\n\t\t\t\t<div class=\"elementor-element elementor-element-8e3ee9e elementor-widget elementor-widget-heading\" data-id=\"8e3ee9e\" data-element_type=\"widget\" data-widget_type=\"heading.default\">\n\t\t\t\t<div class=\"elementor-widget-container\">\n\t\t\t\t\t<h3 class=\"elementor-heading-title elementor-size-default\">O nas<\/h3>\t\t\t\t<\/div>\n\t\t\t\t<\/div>\n\t\t\t\t<div class=\"elementor-element elementor-element-72a9b7f elementor-widget elementor-widget-heading\" data-id=\"72a9b7f\" data-element_type=\"widget\" data-settings=\"{&quot;motion_fx_motion_fx_scrolling&quot;:&quot;yes&quot;,&quot;motion_fx_translateY_effect&quot;:&quot;yes&quot;,&quot;motion_fx_translateY_speed&quot;:{&quot;unit&quot;:&quot;px&quot;,&quot;size&quot;:&quot;0.5&quot;,&quot;sizes&quot;:[]},&quot;motion_fx_translateY_affectedRange&quot;:{&quot;unit&quot;:&quot;%&quot;,&quot;size&quot;:&quot;&quot;,&quot;sizes&quot;:{&quot;start&quot;:&quot;0&quot;,&quot;end&quot;:&quot;50&quot;}},&quot;motion_fx_opacity_effect&quot;:&quot;yes&quot;,&quot;motion_fx_opacity_range&quot;:{&quot;unit&quot;:&quot;%&quot;,&quot;size&quot;:&quot;&quot;,&quot;sizes&quot;:{&quot;start&quot;:&quot;0&quot;,&quot;end&quot;:&quot;50&quot;}},&quot;motion_fx_devices&quot;:[&quot;desktop&quot;,&quot;mobile&quot;],&quot;motion_fx_opacity_direction&quot;:&quot;out-in&quot;,&quot;motion_fx_opacity_level&quot;:{&quot;unit&quot;:&quot;px&quot;,&quot;size&quot;:10,&quot;sizes&quot;:[]}}\" data-widget_type=\"heading.default\">\n\t\t\t\t<div class=\"elementor-widget-container\">\n\t\t\t\t\t<h2 class=\"elementor-heading-title elementor-size-default\">Uprawnienia i referencje<\/h2>\t\t\t\t<\/div>\n\t\t\t\t<\/div>\n\t\t\t\t<div class=\"elementor-element elementor-element-1cf77dc elementor-widget elementor-widget-text-editor\" data-id=\"1cf77dc\" data-element_type=\"widget\" data-widget_type=\"text-editor.default\">\n\t\t\t\t<div class=\"elementor-widget-container\">\n\t\t\t\t\t\t\t\t\t<div class=\"elementor-element elementor-element-362c3a2d elementor-widget elementor-widget-text-editor\" data-id=\"362c3a2d\" data-element_type=\"widget\" data-widget_type=\"text-editor.default\"><div class=\"elementor-widget-container\"><p>Posiadamy Licencj\u0119 Ministerstwa Finans\u00f3w nr 22472\/01, dotycz\u0105c\u0105 wymog\u00f3w kwalifikacyjnych, okre\u015blonych dla os\u00f3b prowadz\u0105cych us\u0142ugowo ksi\u0119gi rachunkowe oraz obowi\u0105zkowe ubezpieczenie OC z tytu\u0142u wykonywanego zawodu.<br \/><br \/>Gwarancj\u0105 \u015bwiadczenia przez nas us\u0142ug na najwy\u017cszym poziomie jest r\u00f3wnie\u017c uzyskany przez nas Certyfikat Centrum Informacji Ksi\u0119gowej Nr 5242749922\/16 w ramach udzia\u0142u w Programie C.I.K. dla Biur Rachunkowych.<\/p><\/div><\/div><div class=\"elementor-element elementor-element-be4b2e elementor-widget elementor-widget-heading\" data-id=\"be4b2e\" data-element_type=\"widget\" data-widget_type=\"heading.default\"><div class=\"elementor-widget-container\"><p class=\"elementor-heading-title elementor-size-default\"><strong><br \/>Przeszli\u015bmy pozytywn\u0105 weryfikacj\u0119 spe\u0142niaj\u0105c nast\u0119puj\u0105ce kryteria oceny:<br \/><br \/><\/strong><\/p><\/div><\/div><div class=\"elementor-element elementor-element-729481c4 elementor-widget elementor-widget-text-editor\" data-id=\"729481c4\" data-element_type=\"widget\" data-widget_type=\"text-editor.default\"><div class=\"elementor-widget-container\"><ul><li><p>Certyfikat Ksi\u0119gowy lub \u015awiadectwo Kwalifikacyjne MF\/Lista KIDP\/Rejestr Bieg\u0142ych Rewident\u00f3w \u2013 min. 1 os,<\/p><\/li><li><p>Ubezpieczenie OC na prowadzenie us\u0142ug ksi\u0119gowych,<\/p><\/li><li><p>Brak zaleg\u0142o\u015bci finansowych \u2013 informacja w BIG,<\/p><\/li><li><p>Nienaganna opinia u klient\u00f3w \u2013 weryfikacja na podstawie opinii otrzymywanych przez C.I.K.,<\/p><\/li><li><p>Praca na licencjonowanych programach ksi\u0119gowych,<\/p><\/li><li><p>Do\u015bwiadczenie w prowadzeniu us\u0142ug ksi\u0119gowych \u2013 min. 2 lata.<br \/><br \/><\/p><\/li><\/ul><\/div><\/div><div class=\"elementor-element elementor-element-03f7df4 elementor-widget elementor-widget-heading\" data-id=\"03f7df4\" data-element_type=\"widget\" data-widget_type=\"heading.default\"><div class=\"elementor-widget-container\"><p class=\"elementor-heading-title elementor-size-default\"><strong>Naszymi klientami s\u0105 podmioty m.in z nast\u0119puj\u0105cych bran\u017c:<\/strong><\/p><p>\u00a0<\/p><\/div><\/div><div class=\"elementor-element elementor-element-7d2c780 elementor-widget elementor-widget-text-editor\" data-id=\"7d2c780\" data-element_type=\"widget\" data-widget_type=\"text-editor.default\"><div class=\"elementor-widget-container\"><ul><li><p>reklamowa<\/p><\/li><li><p>informatyczna<\/p><\/li><li><p>remontowo \u2013 budowlana<\/p><\/li><li><p>gastronomiczna<\/p><\/li><li><p>opieki nad dzie\u0107mi (\u017c\u0142obki, przedszkola)<\/p><\/li><li><p>transportowa<\/p><\/li><li><p>handlowa<\/p><\/li><li><p>finansowa<\/p><\/li><li><p>edukacyjna<\/p><\/li><li><p>zarz\u0105dzanie nieruchomo\u015bciami<\/p><\/li><\/ul><p>Obs\u0142ugujemy sp\u00f3\u0142ki z ograniczon\u0105 odpowiedzialno\u015bci\u0105, sp\u00f3\u0142ki cywilne, jawne, jednoosobowe dzia\u0142alno\u015bci gospodarcze, sp\u00f3\u0142dzielnie socjalne fundacje oraz stowarzyszenia.<\/p><\/div><\/div>\t\t\t\t\t\t\t\t<\/div>\n\t\t\t\t<\/div>\n\t\t\t\t<div class=\"elementor-element elementor-element-71e5823 elementor-mobile-align-center elementor-widget elementor-widget-button\" data-id=\"71e5823\" data-element_type=\"widget\" data-widget_type=\"button.default\">\n\t\t\t\t<div class=\"elementor-widget-container\">\n\t\t\t\t\t\t\t\t\t<div class=\"elementor-button-wrapper\">\n\t\t\t\t\t<a class=\"elementor-button elementor-button-link elementor-size-md\" href=\"https:\/\/calendly.com\/agnieszka-kopylowska\" target=\"_blank\" rel=\"noopener\">\n\t\t\t\t\t\t<span class=\"elementor-button-content-wrapper\">\n\t\t\t\t\t\t<span class=\"elementor-button-icon\">\n\t\t\t\t<svg aria-hidden=\"true\" class=\"e-font-icon-svg e-fas-arrow-right\" viewBox=\"0 0 448 512\" xmlns=\"http:\/\/www.w3.org\/2000\/svg\"><path d=\"M190.5 66.9l22.2-22.2c9.4-9.4 24.6-9.4 33.9 0L441 239c9.4 9.4 9.4 24.6 0 33.9L246.6 467.3c-9.4 9.4-24.6 9.4-33.9 0l-22.2-22.2c-9.5-9.5-9.3-25 .4-34.3L311.4 296H24c-13.3 0-24-10.7-24-24v-32c0-13.3 10.7-24 24-24h287.4L190.9 101.2c-9.8-9.3-10-24.8-.4-34.3z\"><\/path><\/svg>\t\t\t<\/span>\n\t\t\t\t\t\t\t\t\t<span class=\"elementor-button-text\">Bezp\u0142atna Konsultacja<\/span>\n\t\t\t\t\t<\/span>\n\t\t\t\t\t<\/a>\n\t\t\t\t<\/div>\n\t\t\t\t\t\t\t\t<\/div>\n\t\t\t\t<\/div>\n\t\t\t\t<\/div>\n\t\t<div class=\"elementor-element elementor-element-fb25812 e-con-full e-flex e-con e-child\" data-id=\"fb25812\" data-element_type=\"container\">\n\t\t\t\t<div class=\"elementor-element elementor-element-b10c127 elementor-widget elementor-widget-image\" data-id=\"b10c127\" data-element_type=\"widget\" data-settings=\"{&quot;motion_fx_translateY_effect&quot;:&quot;yes&quot;,&quot;motion_fx_translateY_direction&quot;:&quot;negative&quot;,&quot;motion_fx_translateY_speed&quot;:{&quot;unit&quot;:&quot;px&quot;,&quot;size&quot;:&quot;1&quot;,&quot;sizes&quot;:[]},&quot;motion_fx_motion_fx_scrolling&quot;:&quot;yes&quot;,&quot;motion_fx_translateY_affectedRange&quot;:{&quot;unit&quot;:&quot;%&quot;,&quot;size&quot;:&quot;&quot;,&quot;sizes&quot;:{&quot;start&quot;:0,&quot;end&quot;:100}},&quot;motion_fx_devices&quot;:[&quot;desktop&quot;,&quot;tablet&quot;,&quot;mobile&quot;]}\" data-widget_type=\"image.default\">\n\t\t\t\t<div class=\"elementor-widget-container\">\n\t\t\t\t\t\t\t\t\t\t\t\t\t\t\t<img fetchpriority=\"high\" decoding=\"async\" width=\"683\" height=\"1024\" src=\"https:\/\/www.akwadrat.info.pl\/wp-content\/uploads\/2025\/09\/zespol-ksiegowych-akwadrat-warszawa-2025-2-683x1024.jpg\" class=\"attachment-large size-large wp-image-5974\" alt=\"Zesp\u00f3\u0142 ksi\u0119gowych Biura Rachunkowego Akwadrat w Warszawie, dzielnica Targ\u00f3wek \u2013 zdj\u0119cie we wn\u0119trzu biura\" srcset=\"https:\/\/www.akwadrat.info.pl\/wp-content\/uploads\/2025\/09\/zespol-ksiegowych-akwadrat-warszawa-2025-2-683x1024.jpg 683w, https:\/\/www.akwadrat.info.pl\/wp-content\/uploads\/2025\/09\/zespol-ksiegowych-akwadrat-warszawa-2025-2-200x300.jpg 200w, https:\/\/www.akwadrat.info.pl\/wp-content\/uploads\/2025\/09\/zespol-ksiegowych-akwadrat-warszawa-2025-2-768x1152.jpg 768w, https:\/\/www.akwadrat.info.pl\/wp-content\/uploads\/2025\/09\/zespol-ksiegowych-akwadrat-warszawa-2025-2-1024x1536.jpg 1024w, https:\/\/www.akwadrat.info.pl\/wp-content\/uploads\/2025\/09\/zespol-ksiegowych-akwadrat-warszawa-2025-2-1365x2048.jpg 1365w, https:\/\/www.akwadrat.info.pl\/wp-content\/uploads\/2025\/09\/zespol-ksiegowych-akwadrat-warszawa-2025-2-scaled.jpg 1707w\" sizes=\"(max-width: 683px) 100vw, 683px\" \/>\t\t\t\t\t\t\t\t\t\t\t\t\t\t\t<\/div>\n\t\t\t\t<\/div>\n\t\t\t\t<\/div>\n\t\t\t\t\t<\/div>\n\t\t\t\t<\/div>\n\t\t<div class=\"elementor-element elementor-element-1432c5cc e-flex e-con-boxed e-con e-parent\" data-id=\"1432c5cc\" data-element_type=\"container\" data-settings=\"{&quot;background_background&quot;:&quot;classic&quot;}\">\n\t\t\t\t\t<div class=\"e-con-inner\">\n\t\t<div class=\"elementor-element elementor-element-27d43a8 e-flex e-con-boxed e-con e-child\" data-id=\"27d43a8\" data-element_type=\"container\">\n\t\t\t\t\t<div class=\"e-con-inner\">\n\t\t\t\t<div class=\"elementor-element elementor-element-7a231649 elementor-widget elementor-widget-heading\" data-id=\"7a231649\" data-element_type=\"widget\" data-widget_type=\"heading.default\">\n\t\t\t\t<div class=\"elementor-widget-container\">\n\t\t\t\t\t<h3 class=\"elementor-heading-title elementor-size-default\">O nas<\/h3>\t\t\t\t<\/div>\n\t\t\t\t<\/div>\n\t\t\t\t<div class=\"elementor-element elementor-element-2566ba3c elementor-widget elementor-widget-heading\" data-id=\"2566ba3c\" data-element_type=\"widget\" data-settings=\"{&quot;motion_fx_motion_fx_scrolling&quot;:&quot;yes&quot;,&quot;motion_fx_translateY_effect&quot;:&quot;yes&quot;,&quot;motion_fx_translateY_speed&quot;:{&quot;unit&quot;:&quot;px&quot;,&quot;size&quot;:&quot;0.5&quot;,&quot;sizes&quot;:[]},&quot;motion_fx_translateY_affectedRange&quot;:{&quot;unit&quot;:&quot;%&quot;,&quot;size&quot;:&quot;&quot;,&quot;sizes&quot;:{&quot;start&quot;:&quot;0&quot;,&quot;end&quot;:&quot;50&quot;}},&quot;motion_fx_opacity_effect&quot;:&quot;yes&quot;,&quot;motion_fx_opacity_range&quot;:{&quot;unit&quot;:&quot;%&quot;,&quot;size&quot;:&quot;&quot;,&quot;sizes&quot;:{&quot;start&quot;:&quot;0&quot;,&quot;end&quot;:&quot;50&quot;}},&quot;motion_fx_opacity_direction&quot;:&quot;out-in&quot;,&quot;motion_fx_opacity_level&quot;:{&quot;unit&quot;:&quot;px&quot;,&quot;size&quot;:10,&quot;sizes&quot;:[]},&quot;motion_fx_devices&quot;:[&quot;desktop&quot;,&quot;tablet&quot;,&quot;mobile&quot;]}\" data-widget_type=\"heading.default\">\n\t\t\t\t<div class=\"elementor-widget-container\">\n\t\t\t\t\t<h2 class=\"elementor-heading-title elementor-size-default\">Uprawnienia i referencje<\/h2>\t\t\t\t<\/div>\n\t\t\t\t<\/div>\n\t\t\t\t<div class=\"elementor-element elementor-element-78ee299 elementor-widget elementor-widget-gallery\" data-id=\"78ee299\" data-element_type=\"widget\" data-settings=\"{&quot;gallery_layout&quot;:&quot;masonry&quot;,&quot;columns&quot;:3,&quot;lazyload&quot;:&quot;yes&quot;,&quot;columns_tablet&quot;:2,&quot;columns_mobile&quot;:1,&quot;gap&quot;:{&quot;unit&quot;:&quot;px&quot;,&quot;size&quot;:10,&quot;sizes&quot;:[]},&quot;gap_tablet&quot;:{&quot;unit&quot;:&quot;px&quot;,&quot;size&quot;:10,&quot;sizes&quot;:[]},&quot;gap_mobile&quot;:{&quot;unit&quot;:&quot;px&quot;,&quot;size&quot;:10,&quot;sizes&quot;:[]},&quot;link_to&quot;:&quot;file&quot;,&quot;overlay_background&quot;:&quot;yes&quot;,&quot;content_hover_animation&quot;:&quot;fade-in&quot;}\" data-widget_type=\"gallery.default\">\n\t\t\t\t<div class=\"elementor-widget-container\">\n\t\t\t\t\t\t\t<div class=\"elementor-gallery__container\">\n\t\t\t\t\t\t\t<a class=\"e-gallery-item elementor-gallery-item elementor-animated-content\" href=\"https:\/\/www.akwadrat.info.pl\/wp-content\/uploads\/2024\/05\/Certyfikowane-Biuro-rachunkowe-Warszawa.png\" data-elementor-open-lightbox=\"yes\" data-elementor-lightbox-slideshow=\"78ee299\" data-e-action-hash=\"#elementor-action%3Aaction%3Dlightbox%26settings%3DeyJpZCI6MzEzNSwidXJsIjoiaHR0cHM6XC9cL3d3dy5ha3dhZHJhdC5pbmZvLnBsXC93cC1jb250ZW50XC91cGxvYWRzXC8yMDI0XC8wNVwvQ2VydHlmaWtvd2FuZS1CaXVyby1yYWNodW5rb3dlLVdhcnN6YXdhLnBuZyIsInNsaWRlc2hvdyI6Ijc4ZWUyOTkifQ%3D%3D\">\n\t\t\t\t\t<div class=\"e-gallery-image elementor-gallery-item__image\" data-thumbnail=\"https:\/\/www.akwadrat.info.pl\/wp-content\/uploads\/2024\/05\/Certyfikowane-Biuro-rachunkowe-Warszawa-768x1086.png\" data-width=\"768\" data-height=\"1086\" aria-label=\"\" role=\"img\" ><\/div>\n\t\t\t\t\t\t\t\t\t\t\t<div class=\"elementor-gallery-item__overlay\"><\/div>\n\t\t\t\t\t\t\t\t\t\t\t\t\t\t<\/a>\n\t\t\t\t\t\t\t<a class=\"e-gallery-item elementor-gallery-item elementor-animated-content\" href=\"https:\/\/www.akwadrat.info.pl\/wp-content\/uploads\/2024\/05\/Biuro-rachunkowe-Warszawa-z-uprawnieniami.jpeg\" data-elementor-open-lightbox=\"yes\" data-elementor-lightbox-slideshow=\"78ee299\" data-e-action-hash=\"#elementor-action%3Aaction%3Dlightbox%26settings%3DeyJpZCI6MzEzNCwidXJsIjoiaHR0cHM6XC9cL3d3dy5ha3dhZHJhdC5pbmZvLnBsXC93cC1jb250ZW50XC91cGxvYWRzXC8yMDI0XC8wNVwvQml1cm8tcmFjaHVua293ZS1XYXJzemF3YS16LXVwcmF3bmllbmlhbWkuanBlZyIsInNsaWRlc2hvdyI6Ijc4ZWUyOTkifQ%3D%3D\">\n\t\t\t\t\t<div class=\"e-gallery-image elementor-gallery-item__image\" data-thumbnail=\"https:\/\/www.akwadrat.info.pl\/wp-content\/uploads\/2024\/05\/Biuro-rachunkowe-Warszawa-z-uprawnieniami-768x1086.jpeg\" data-width=\"768\" data-height=\"1086\" aria-label=\"\" role=\"img\" ><\/div>\n\t\t\t\t\t\t\t\t\t\t\t<div class=\"elementor-gallery-item__overlay\"><\/div>\n\t\t\t\t\t\t\t\t\t\t\t\t\t\t<\/a>\n\t\t\t\t\t\t\t<a class=\"e-gallery-item elementor-gallery-item elementor-animated-content\" href=\"https:\/\/www.akwadrat.info.pl\/wp-content\/uploads\/2025\/03\/Biuro-Rachunkowe-Warszawa-Referencje-Kodeks-Zawodowej-Etyki.jpg\" data-elementor-open-lightbox=\"yes\" data-elementor-lightbox-slideshow=\"78ee299\" data-elementor-lightbox-description=\"Biuro Rachunkowe Warszawa Referencje Kodeks Zawodowej Etyki\" data-e-action-hash=\"#elementor-action%3Aaction%3Dlightbox%26settings%3DeyJpZCI6NTYwMiwidXJsIjoiaHR0cHM6XC9cL3d3dy5ha3dhZHJhdC5pbmZvLnBsXC93cC1jb250ZW50XC91cGxvYWRzXC8yMDI1XC8wM1wvQml1cm8tUmFjaHVua293ZS1XYXJzemF3YS1SZWZlcmVuY2plLUtvZGVrcy1aYXdvZG93ZWotRXR5a2kuanBnIiwic2xpZGVzaG93IjoiNzhlZTI5OSJ9\">\n\t\t\t\t\t<div class=\"e-gallery-image elementor-gallery-item__image\" data-thumbnail=\"https:\/\/www.akwadrat.info.pl\/wp-content\/uploads\/2025\/03\/Biuro-Rachunkowe-Warszawa-Referencje-Kodeks-Zawodowej-Etyki-768x1116.jpg\" data-width=\"768\" data-height=\"1116\" aria-label=\"Biuro Rachunkowe Warszawa Referencje Kodeks Zawodowej Etyki\" role=\"img\" ><\/div>\n\t\t\t\t\t\t\t\t\t\t\t<div class=\"elementor-gallery-item__overlay\"><\/div>\n\t\t\t\t\t\t\t\t\t\t\t\t\t\t<\/a>\n\t\t\t\t\t<\/div>\n\t\t\t\t\t<\/div>\n\t\t\t\t<\/div>\n\t\t\t\t\t<\/div>\n\t\t\t\t<\/div>\n\t\t\t\t\t<\/div>\n\t\t\t\t<\/div>\n\t\t<div class=\"elementor-element elementor-element-6549b85 e-flex e-con-boxed e-con e-parent\" data-id=\"6549b85\" data-element_type=\"container\" data-settings=\"{&quot;background_background&quot;:&quot;gradient&quot;,&quot;shape_divider_top&quot;:&quot;waves&quot;}\">\n\t\t\t\t\t<div class=\"e-con-inner\">\n\t\t\t\t<div class=\"elementor-shape elementor-shape-top\" aria-hidden=\"true\" data-negative=\"false\">\n\t\t\t<svg xmlns=\"http:\/\/www.w3.org\/2000\/svg\" viewBox=\"0 0 1000 100\" preserveAspectRatio=\"none\">\n\t<path class=\"elementor-shape-fill\" d=\"M421.9,6.5c22.6-2.5,51.5,0.4,75.5,5.3c23.6,4.9,70.9,23.5,100.5,35.7c75.8,32.2,133.7,44.5,192.6,49.7\n\tc23.6,2.1,48.7,3.5,103.4-2.5c54.7-6,106.2-25.6,106.2-25.6V0H0v30.3c0,0,72,32.6,158.4,30.5c39.2-0.7,92.8-6.7,134-22.4\n\tc21.2-8.1,52.2-18.2,79.7-24.2C399.3,7.9,411.6,7.5,421.9,6.5z\"\/>\n<\/svg>\t\t<\/div>\n\t\t<div class=\"elementor-element elementor-element-0867724 e-con-full e-flex e-con e-child\" data-id=\"0867724\" data-element_type=\"container\">\n\t\t\t\t<div class=\"elementor-element elementor-element-e42b88e elementor-widget elementor-widget-heading\" data-id=\"e42b88e\" data-element_type=\"widget\" data-widget_type=\"heading.default\">\n\t\t\t\t<div class=\"elementor-widget-container\">\n\t\t\t\t\t<h4 class=\"elementor-heading-title elementor-size-default\">Porozmawiaj z naszym ksi\u0119gowym<\/h4>\t\t\t\t<\/div>\n\t\t\t\t<\/div>\n\t\t\t\t<div class=\"elementor-element elementor-element-bd39a4a elementor-widget elementor-widget-heading\" data-id=\"bd39a4a\" data-element_type=\"widget\" data-widget_type=\"heading.default\">\n\t\t\t\t<div class=\"elementor-widget-container\">\n\t\t\t\t\t<p class=\"elementor-heading-title elementor-size-default\">Poznaj szczeg\u00f3\u0142y oferty dla twojej firmy<\/p>\t\t\t\t<\/div>\n\t\t\t\t<\/div>\n\t\t\t\t<div class=\"elementor-element elementor-element-d1d1191 elementor-mobile-align-center elementor-widget elementor-widget-button\" data-id=\"d1d1191\" data-element_type=\"widget\" data-widget_type=\"button.default\">\n\t\t\t\t<div class=\"elementor-widget-container\">\n\t\t\t\t\t\t\t\t\t<div class=\"elementor-button-wrapper\">\n\t\t\t\t\t<a class=\"elementor-button elementor-button-link elementor-size-md\" href=\"https:\/\/calendly.com\/agnieszka-kopylowska\" target=\"_blank\" rel=\"noopener\">\n\t\t\t\t\t\t<span class=\"elementor-button-content-wrapper\">\n\t\t\t\t\t\t<span class=\"elementor-button-icon\">\n\t\t\t\t<svg aria-hidden=\"true\" class=\"e-font-icon-svg e-fas-arrow-right\" viewBox=\"0 0 448 512\" xmlns=\"http:\/\/www.w3.org\/2000\/svg\"><path d=\"M190.5 66.9l22.2-22.2c9.4-9.4 24.6-9.4 33.9 0L441 239c9.4 9.4 9.4 24.6 0 33.9L246.6 467.3c-9.4 9.4-24.6 9.4-33.9 0l-22.2-22.2c-9.5-9.5-9.3-25 .4-34.3L311.4 296H24c-13.3 0-24-10.7-24-24v-32c0-13.3 10.7-24 24-24h287.4L190.9 101.2c-9.8-9.3-10-24.8-.4-34.3z\"><\/path><\/svg>\t\t\t<\/span>\n\t\t\t\t\t\t\t\t\t<span class=\"elementor-button-text\">bezp\u0142atna Konsultacja<\/span>\n\t\t\t\t\t<\/span>\n\t\t\t\t\t<\/a>\n\t\t\t\t<\/div>\n\t\t\t\t\t\t\t\t<\/div>\n\t\t\t\t<\/div>\n\t\t\t\t<\/div>\n\t\t<div class=\"elementor-element elementor-element-9fb8a5e e-con-full e-flex e-con e-child\" data-id=\"9fb8a5e\" data-element_type=\"container\">\n\t\t\t\t<div class=\"elementor-element elementor-element-95c601b elementor-widget elementor-widget-image\" data-id=\"95c601b\" data-element_type=\"widget\" data-settings=\"{&quot;motion_fx_motion_fx_scrolling&quot;:&quot;yes&quot;,&quot;motion_fx_translateY_effect&quot;:&quot;yes&quot;,&quot;motion_fx_translateY_direction&quot;:&quot;negative&quot;,&quot;motion_fx_translateY_speed&quot;:{&quot;unit&quot;:&quot;px&quot;,&quot;size&quot;:&quot;1&quot;,&quot;sizes&quot;:[]},&quot;motion_fx_devices&quot;:[&quot;desktop&quot;,&quot;tablet&quot;],&quot;motion_fx_translateY_affectedRange&quot;:{&quot;unit&quot;:&quot;%&quot;,&quot;size&quot;:&quot;&quot;,&quot;sizes&quot;:{&quot;start&quot;:&quot;0&quot;,&quot;end&quot;:&quot;50&quot;}}}\" data-widget_type=\"image.default\">\n\t\t\t\t<div class=\"elementor-widget-container\">\n\t\t\t\t\t\t\t\t\t\t\t\t\t\t\t<img decoding=\"async\" width=\"768\" height=\"1152\" data-src=\"https:\/\/www.akwadrat.info.pl\/wp-content\/uploads\/2025\/09\/doswiadczony-zespol-ksiegowych-biuro-rachunkowe-akwadrat-warszawa-2025-768x1152.jpg\" class=\"attachment-medium_large size-medium_large wp-image-5911 lazyload\" alt=\"Trzyosobowy do\u015bwiadczony zesp\u00f3\u0142 ksi\u0119gowych Biura Rachunkowego Akwadrat w Warszawie\" data-srcset=\"https:\/\/www.akwadrat.info.pl\/wp-content\/uploads\/2025\/09\/doswiadczony-zespol-ksiegowych-biuro-rachunkowe-akwadrat-warszawa-2025-768x1152.jpg 768w, https:\/\/www.akwadrat.info.pl\/wp-content\/uploads\/2025\/09\/doswiadczony-zespol-ksiegowych-biuro-rachunkowe-akwadrat-warszawa-2025-200x300.jpg 200w, https:\/\/www.akwadrat.info.pl\/wp-content\/uploads\/2025\/09\/doswiadczony-zespol-ksiegowych-biuro-rachunkowe-akwadrat-warszawa-2025-683x1024.jpg 683w, https:\/\/www.akwadrat.info.pl\/wp-content\/uploads\/2025\/09\/doswiadczony-zespol-ksiegowych-biuro-rachunkowe-akwadrat-warszawa-2025-1024x1536.jpg 1024w, https:\/\/www.akwadrat.info.pl\/wp-content\/uploads\/2025\/09\/doswiadczony-zespol-ksiegowych-biuro-rachunkowe-akwadrat-warszawa-2025-1365x2048.jpg 1365w, https:\/\/www.akwadrat.info.pl\/wp-content\/uploads\/2025\/09\/doswiadczony-zespol-ksiegowych-biuro-rachunkowe-akwadrat-warszawa-2025-scaled.jpg 1707w\" data-sizes=\"(max-width: 768px) 100vw, 768px\" src=\"data:image\/svg+xml;base64,PHN2ZyB3aWR0aD0iMSIgaGVpZ2h0PSIxIiB4bWxucz0iaHR0cDovL3d3dy53My5vcmcvMjAwMC9zdmciPjwvc3ZnPg==\" style=\"--smush-placeholder-width: 768px; --smush-placeholder-aspect-ratio: 768\/1152;\" \/>\t\t\t\t\t\t\t\t\t\t\t\t\t\t\t<\/div>\n\t\t\t\t<\/div>\n\t\t\t\t<\/div>\n\t\t\t\t\t<\/div>\n\t\t\t\t<\/div>\n\t\t\t\t<\/div>\n\t\t","protected":false},"excerpt":{"rendered":"<p>O nas Uprawnienia i referencje Posiadamy Licencj\u0119 Ministerstwa Finans\u00f3w nr 22472\/01, dotycz\u0105c\u0105 wymog\u00f3w kwalifikacyjnych, okre\u015blonych dla os\u00f3b prowadz\u0105cych us\u0142ugowo ksi\u0119gi rachunkowe oraz obowi\u0105zkowe ubezpieczenie OC z tytu\u0142u wykonywanego zawodu. Gwarancj\u0105 \u015bwiadczenia przez nas us\u0142ug na najwy\u017cszym poziomie jest r\u00f3wnie\u017c uzyskany przez nas Certyfikat Centrum Informacji Ksi\u0119gowej Nr 5242749922\/16 w ramach udzia\u0142u w Programie C.I.K. dla [&hellip;]<\/p>\n","protected":false},"author":1,"featured_media":5898,"parent":0,"menu_order":0,"comment_status":"closed","ping_status":"closed","template":"elementor_header_footer","meta":{"footnotes":""},"class_list":["post-3120","page","type-page","status-publish","has-post-thumbnail","hentry"],"blocksy_meta":[],"_links":{"self":[{"href":"https:\/\/www.akwadrat.info.pl\/pl\/wp-json\/wp\/v2\/pages\/3120","targetHints":{"allow":["GET"]}}],"collection":[{"href":"https:\/\/www.akwadrat.info.pl\/pl\/wp-json\/wp\/v2\/pages"}],"about":[{"href":"https:\/\/www.akwadrat.info.pl\/pl\/wp-json\/wp\/v2\/types\/page"}],"author":[{"embeddable":true,"href":"https:\/\/www.akwadrat.info.pl\/pl\/wp-json\/wp\/v2\/users\/1"}],"replies":[{"embeddable":true,"href":"https:\/\/www.akwadrat.info.pl\/pl\/wp-json\/wp\/v2\/comments?post=3120"}],"version-history":[{"count":51,"href":"https:\/\/www.akwadrat.info.pl\/pl\/wp-json\/wp\/v2\/pages\/3120\/revisions"}],"predecessor-version":[{"id":6615,"href":"https:\/\/www.akwadrat.info.pl\/pl\/wp-json\/wp\/v2\/pages\/3120\/revisions\/6615"}],"wp:featuredmedia":[{"embeddable":true,"href":"https:\/\/www.akwadrat.info.pl\/pl\/wp-json\/wp\/v2\/media\/5898"}],"wp:attachment":[{"href":"https:\/\/www.akwadrat.info.pl\/pl\/wp-json\/wp\/v2\/media?parent=3120"}],"curies":[{"name":"wp","href":"https:\/\/api.w.org\/{rel}","templated":true}]}}